{"id":1046,"date":"2025-01-06T19:24:11","date_gmt":"2025-01-06T19:24:11","guid":{"rendered":"https:\/\/murel.com.tr\/?page_id=1046"},"modified":"2025-01-08T08:37:48","modified_gmt":"2025-01-08T08:37:48","slug":"adiyaman-spp","status":"publish","type":"page","link":"https:\/\/murel.com.tr\/en\/adiyaman-spp\/","title":{"rendered":"ADIYAMAN SPP"},"content":{"rendered":"\t\t<div data-elementor-type=\"wp-page\" data-elementor-id=\"1046\" class=\"elementor elementor-1046 elementor-153\" data-elementor-post-type=\"page\">\n\t\t\t\t<div class=\"elementor-element elementor-element-61e4758a e-flex e-con-boxed e-con e-parent\" data-id=\"61e4758a\" data-element_type=\"container\" data-e-type=\"container\" data-settings=\"{&quot;background_background&quot;:&quot;classic&quot;}\">\n\t\t\t\t\t<div class=\"e-con-inner\">\n\t\t\t\t<div class=\"elementor-element elementor-element-46add2d3 elementor-widget elementor-widget-heading\" data-id=\"46add2d3\" data-element_type=\"widget\" data-e-type=\"widget\" data-widget_type=\"heading.default\">\n\t\t\t\t<div class=\"elementor-widget-container\">\n\t\t\t\t\t<h6 class=\"elementor-heading-title elementor-size-default\">2017 &amp; Ad\u0131yaman, T\u00fcrkiye<\/h6>\t\t\t\t<\/div>\n\t\t\t\t<\/div>\n\t\t\t\t<div class=\"elementor-element elementor-element-50a53160 elementor-widget elementor-widget-heading\" data-id=\"50a53160\" data-element_type=\"widget\" data-e-type=\"widget\" data-widget_type=\"heading.default\">\n\t\t\t\t<div class=\"elementor-widget-container\">\n\t\t\t\t\t<h2 class=\"elementor-heading-title elementor-size-default\">ADIYAMAN SPP<\/h2>\t\t\t\t<\/div>\n\t\t\t\t<\/div>\n\t\t\t\t\t<\/div>\n\t\t\t\t<\/div>\n\t\t<div class=\"elementor-element elementor-element-edb740d e-flex e-con-boxed e-con e-parent\" data-id=\"edb740d\" data-element_type=\"container\" data-e-type=\"container\">\n\t\t\t\t\t<div class=\"e-con-inner\">\n\t\t\t\t<div class=\"elementor-element elementor-element-31db8c3d elementor-widget elementor-widget-heading\" data-id=\"31db8c3d\" data-element_type=\"widget\" data-e-type=\"widget\" data-widget_type=\"heading.default\">\n\t\t\t\t<div class=\"elementor-widget-container\">\n\t\t\t\t\t<h2 class=\"elementor-heading-title elementor-size-default\">Project Information<\/h2>\t\t\t\t<\/div>\n\t\t\t\t<\/div>\n\t\t\t\t<div class=\"elementor-element elementor-element-5a19371b elementor-widget-divider--view-line elementor-widget elementor-widget-divider\" data-id=\"5a19371b\" data-element_type=\"widget\" data-e-type=\"widget\" data-widget_type=\"divider.default\">\n\t\t\t\t<div class=\"elementor-widget-container\">\n\t\t\t\t\t\t\t<div class=\"elementor-divider\">\n\t\t\t<span class=\"elementor-divider-separator\">\n\t\t\t\t\t\t<\/span>\n\t\t<\/div>\n\t\t\t\t\t\t<\/div>\n\t\t\t\t<\/div>\n\t\t<div class=\"elementor-element elementor-element-3ad9b359 e-grid e-con-full e-con e-child\" data-id=\"3ad9b359\" data-element_type=\"container\" data-e-type=\"container\">\n\t\t\t\t<div class=\"elementor-element elementor-element-7b12cc05 elementor-widget elementor-widget-text-editor\" data-id=\"7b12cc05\" data-element_type=\"widget\" data-e-type=\"widget\" data-widget_type=\"text-editor.default\">\n\t\t\t\t<div class=\"elementor-widget-container\">\n\t\t\t\t\t\t\t\t\t<h5>LOCATION<\/h5><p><span style=\"font-size: 18px; font-weight: 400; color: #707070;\">Ad\u0131yaman<\/span><\/p>\t\t\t\t\t\t\t\t<\/div>\n\t\t\t\t<\/div>\n\t\t\t\t<div class=\"elementor-element elementor-element-4c18052c elementor-widget elementor-widget-text-editor\" data-id=\"4c18052c\" data-element_type=\"widget\" data-e-type=\"widget\" data-widget_type=\"text-editor.default\">\n\t\t\t\t<div class=\"elementor-widget-container\">\n\t\t\t\t\t\t\t\t\t<h5>COMMISSIONING DATE<\/h5><p><span style=\"color: #707070;\"><span style=\"font-size: 18px;\">2017<\/span><\/span><\/p>\t\t\t\t\t\t\t\t<\/div>\n\t\t\t\t<\/div>\n\t\t\t\t<div class=\"elementor-element elementor-element-55ad69df elementor-widget elementor-widget-text-editor\" data-id=\"55ad69df\" data-element_type=\"widget\" data-e-type=\"widget\" data-widget_type=\"text-editor.default\">\n\t\t\t\t<div class=\"elementor-widget-container\">\n\t\t\t\t\t\t\t\t\t<h5>INSTALLED CAPACITY (kWp)<\/h5><p><span style=\"color: #707070;\"><span style=\"font-size: 18px;\">11.155,00<\/span><\/span><\/p>\t\t\t\t\t\t\t\t<\/div>\n\t\t\t\t<\/div>\n\t\t\t\t<div class=\"elementor-element elementor-element-bb2f080 elementor-widget elementor-widget-text-editor\" data-id=\"bb2f080\" data-element_type=\"widget\" data-e-type=\"widget\" data-widget_type=\"text-editor.default\">\n\t\t\t\t<div class=\"elementor-widget-container\">\n\t\t\t\t\t\t\t\t\t<h5>INSTALLED CAPACITY (kWe)<\/h5><p>9.804,00<\/p>\t\t\t\t\t\t\t\t<\/div>\n\t\t\t\t<\/div>\n\t\t\t\t<div class=\"elementor-element elementor-element-542384f7 elementor-widget elementor-widget-text-editor\" data-id=\"542384f7\" data-element_type=\"widget\" data-e-type=\"widget\" data-widget_type=\"text-editor.default\">\n\t\t\t\t<div class=\"elementor-widget-container\">\n\t\t\t\t\t\t\t\t\t<h5>PV MODULE BRAND<\/h5><p>HT-SAAE<\/p>\t\t\t\t\t\t\t\t<\/div>\n\t\t\t\t<\/div>\n\t\t\t\t<div class=\"elementor-element elementor-element-4dc46358 elementor-widget elementor-widget-text-editor\" data-id=\"4dc46358\" data-element_type=\"widget\" data-e-type=\"widget\" data-widget_type=\"text-editor.default\">\n\t\t\t\t<div class=\"elementor-widget-container\">\n\t\t\t\t\t\t\t\t\t<h5>NUMBER OF PV MODULES<\/h5><p>34.860<\/p>\t\t\t\t\t\t\t\t<\/div>\n\t\t\t\t<\/div>\n\t\t\t\t<div class=\"elementor-element elementor-element-57291360 elementor-widget elementor-widget-text-editor\" data-id=\"57291360\" data-element_type=\"widget\" data-e-type=\"widget\" data-widget_type=\"text-editor.default\">\n\t\t\t\t<div class=\"elementor-widget-container\">\n\t\t\t\t\t\t\t\t\t<h5>INVERTER BRAND<\/h5><p>HUAWEI<\/p>\t\t\t\t\t\t\t\t<\/div>\n\t\t\t\t<\/div>\n\t\t\t\t<div class=\"elementor-element elementor-element-5fd70d7b elementor-widget elementor-widget-text-editor\" data-id=\"5fd70d7b\" data-element_type=\"widget\" data-e-type=\"widget\" data-widget_type=\"text-editor.default\">\n\t\t\t\t<div class=\"elementor-widget-container\">\n\t\t\t\t\t\t\t\t\t<h5>NUMBER OF INVERTER<\/h5><p>249<\/p>\t\t\t\t\t\t\t\t<\/div>\n\t\t\t\t<\/div>\n\t\t\t\t<\/div>\n\t\t\t\t\t<\/div>\n\t\t\t\t<\/div>\n\t\t<div class=\"elementor-element elementor-element-120c6b45 e-flex e-con-boxed e-con e-parent\" data-id=\"120c6b45\" data-element_type=\"container\" data-e-type=\"container\">\n\t\t\t\t\t<div class=\"e-con-inner\">\n\t\t\t\t<div class=\"elementor-element elementor-element-259a6d7d elementor-widget__width-auto elementor-widget elementor-widget-heading\" data-id=\"259a6d7d\" data-element_type=\"widget\" data-e-type=\"widget\" data-widget_type=\"heading.default\">\n\t\t\t\t<div class=\"elementor-widget-container\">\n\t\t\t\t\t<h2 class=\"elementor-heading-title elementor-size-default\">Project Details<\/h2>\t\t\t\t<\/div>\n\t\t\t\t<\/div>\n\t\t\t\t<div class=\"elementor-element elementor-element-40ca1bd7 elementor-widget-divider--view-line elementor-widget elementor-widget-divider\" data-id=\"40ca1bd7\" data-element_type=\"widget\" data-e-type=\"widget\" data-widget_type=\"divider.default\">\n\t\t\t\t<div class=\"elementor-widget-container\">\n\t\t\t\t\t\t\t<div class=\"elementor-divider\">\n\t\t\t<span class=\"elementor-divider-separator\">\n\t\t\t\t\t\t<\/span>\n\t\t<\/div>\n\t\t\t\t\t\t<\/div>\n\t\t\t\t<\/div>\n\t\t\t\t<div class=\"elementor-element elementor-element-8d7184c elementor-widget elementor-widget-text-editor\" data-id=\"8d7184c\" data-element_type=\"widget\" data-e-type=\"widget\" data-widget_type=\"text-editor.default\">\n\t\t\t\t<div class=\"elementor-widget-container\">\n\t\t\t\t\t\t\t\t\t<p>Murel Enerji \u00dcretim A.\u015e. has been providing clean energy with the 11.155,00 kWp installed capacity of SPP investment project since 2017.<\/p>\t\t\t\t\t\t\t\t<\/div>\n\t\t\t\t<\/div>\n\t\t\t\t<div class=\"elementor-element elementor-element-146eb79f gallery-spacing-custom elementor-widget elementor-widget-image-gallery\" data-id=\"146eb79f\" data-element_type=\"widget\" data-e-type=\"widget\" data-widget_type=\"image-gallery.default\">\n\t\t\t\t<div class=\"elementor-widget-container\">\n\t\t\t\t\t\t\t<div class=\"elementor-image-gallery\">\n\t\t\t<div id='gallery-1' class='gallery galleryid-1046 gallery-columns-3 gallery-size-full'><figure class='gallery-item'>\n\t\t\t<div class='gallery-icon landscape'>\n\t\t\t\t<a data-elementor-open-lightbox=\"yes\" data-elementor-lightbox-slideshow=\"146eb79f\" data-elementor-lightbox-title=\"1-4.jpg\" data-e-action-hash=\"#elementor-action%3Aaction%3Dlightbox%26settings%3DeyJpZCI6NjAwLCJ1cmwiOiJodHRwczpcL1wvbXVyZWwuY29tLnRyXC93cC1jb250ZW50XC91cGxvYWRzXC8yMDI1XC8wMVwvMS00LmpwZyIsInNsaWRlc2hvdyI6IjE0NmViNzlmIn0%3D\" href='https:\/\/murel.com.tr\/wp-content\/uploads\/2025\/01\/1-4.jpg'><img fetchpriority=\"high\" decoding=\"async\" width=\"1600\" height=\"900\" src=\"https:\/\/murel.com.tr\/wp-content\/uploads\/2025\/01\/1-4.jpg\" class=\"attachment-full size-full\" alt=\"\" srcset=\"https:\/\/murel.com.tr\/wp-content\/uploads\/2025\/01\/1-4.jpg 1600w, https:\/\/murel.com.tr\/wp-content\/uploads\/2025\/01\/1-4-300x169.jpg 300w, https:\/\/murel.com.tr\/wp-content\/uploads\/2025\/01\/1-4-1024x576.jpg 1024w, https:\/\/murel.com.tr\/wp-content\/uploads\/2025\/01\/1-4-768x432.jpg 768w, https:\/\/murel.com.tr\/wp-content\/uploads\/2025\/01\/1-4-1536x864.jpg 1536w\" sizes=\"(max-width: 1600px) 100vw, 1600px\" \/><\/a>\n\t\t\t<\/div><\/figure><figure class='gallery-item'>\n\t\t\t<div class='gallery-icon landscape'>\n\t\t\t\t<a data-elementor-open-lightbox=\"yes\" data-elementor-lightbox-slideshow=\"146eb79f\" data-elementor-lightbox-title=\"5-2.jpg\" data-e-action-hash=\"#elementor-action%3Aaction%3Dlightbox%26settings%3DeyJpZCI6NjAyLCJ1cmwiOiJodHRwczpcL1wvbXVyZWwuY29tLnRyXC93cC1jb250ZW50XC91cGxvYWRzXC8yMDI1XC8wMVwvNS0yLmpwZyIsInNsaWRlc2hvdyI6IjE0NmViNzlmIn0%3D\" href='https:\/\/murel.com.tr\/wp-content\/uploads\/2025\/01\/5-2.jpg'><img decoding=\"async\" width=\"1600\" height=\"900\" src=\"https:\/\/murel.com.tr\/wp-content\/uploads\/2025\/01\/5-2.jpg\" class=\"attachment-full size-full\" alt=\"\" srcset=\"https:\/\/murel.com.tr\/wp-content\/uploads\/2025\/01\/5-2.jpg 1600w, https:\/\/murel.com.tr\/wp-content\/uploads\/2025\/01\/5-2-300x169.jpg 300w, https:\/\/murel.com.tr\/wp-content\/uploads\/2025\/01\/5-2-1024x576.jpg 1024w, https:\/\/murel.com.tr\/wp-content\/uploads\/2025\/01\/5-2-768x432.jpg 768w, https:\/\/murel.com.tr\/wp-content\/uploads\/2025\/01\/5-2-1536x864.jpg 1536w\" sizes=\"(max-width: 1600px) 100vw, 1600px\" \/><\/a>\n\t\t\t<\/div><\/figure><figure class='gallery-item'>\n\t\t\t<div class='gallery-icon landscape'>\n\t\t\t\t<a data-elementor-open-lightbox=\"yes\" data-elementor-lightbox-slideshow=\"146eb79f\" data-elementor-lightbox-title=\"4-3.jpg\" data-e-action-hash=\"#elementor-action%3Aaction%3Dlightbox%26settings%3DeyJpZCI6NjA0LCJ1cmwiOiJodHRwczpcL1wvbXVyZWwuY29tLnRyXC93cC1jb250ZW50XC91cGxvYWRzXC8yMDI1XC8wMVwvNC0zLmpwZyIsInNsaWRlc2hvdyI6IjE0NmViNzlmIn0%3D\" href='https:\/\/murel.com.tr\/wp-content\/uploads\/2025\/01\/4-3.jpg'><img decoding=\"async\" width=\"1600\" height=\"900\" src=\"https:\/\/murel.com.tr\/wp-content\/uploads\/2025\/01\/4-3.jpg\" class=\"attachment-full size-full\" alt=\"\" srcset=\"https:\/\/murel.com.tr\/wp-content\/uploads\/2025\/01\/4-3.jpg 1600w, https:\/\/murel.com.tr\/wp-content\/uploads\/2025\/01\/4-3-300x169.jpg 300w, https:\/\/murel.com.tr\/wp-content\/uploads\/2025\/01\/4-3-1024x576.jpg 1024w, https:\/\/murel.com.tr\/wp-content\/uploads\/2025\/01\/4-3-768x432.jpg 768w, https:\/\/murel.com.tr\/wp-content\/uploads\/2025\/01\/4-3-1536x864.jpg 1536w\" sizes=\"(max-width: 1600px) 100vw, 1600px\" \/><\/a>\n\t\t\t<\/div><\/figure><figure class='gallery-item'>\n\t\t\t<div class='gallery-icon landscape'>\n\t\t\t\t<a data-elementor-open-lightbox=\"yes\" data-elementor-lightbox-slideshow=\"146eb79f\" data-elementor-lightbox-title=\"3-4.jpg\" data-e-action-hash=\"#elementor-action%3Aaction%3Dlightbox%26settings%3DeyJpZCI6NjA2LCJ1cmwiOiJodHRwczpcL1wvbXVyZWwuY29tLnRyXC93cC1jb250ZW50XC91cGxvYWRzXC8yMDI1XC8wMVwvMy00LmpwZyIsInNsaWRlc2hvdyI6IjE0NmViNzlmIn0%3D\" href='https:\/\/murel.com.tr\/wp-content\/uploads\/2025\/01\/3-4.jpg'><img loading=\"lazy\" decoding=\"async\" width=\"1600\" height=\"900\" src=\"https:\/\/murel.com.tr\/wp-content\/uploads\/2025\/01\/3-4.jpg\" class=\"attachment-full size-full\" alt=\"\" srcset=\"https:\/\/murel.com.tr\/wp-content\/uploads\/2025\/01\/3-4.jpg 1600w, https:\/\/murel.com.tr\/wp-content\/uploads\/2025\/01\/3-4-300x169.jpg 300w, https:\/\/murel.com.tr\/wp-content\/uploads\/2025\/01\/3-4-1024x576.jpg 1024w, https:\/\/murel.com.tr\/wp-content\/uploads\/2025\/01\/3-4-768x432.jpg 768w, https:\/\/murel.com.tr\/wp-content\/uploads\/2025\/01\/3-4-1536x864.jpg 1536w\" sizes=\"(max-width: 1600px) 100vw, 1600px\" \/><\/a>\n\t\t\t<\/div><\/figure><figure class='gallery-item'>\n\t\t\t<div class='gallery-icon landscape'>\n\t\t\t\t<a data-elementor-open-lightbox=\"yes\" data-elementor-lightbox-slideshow=\"146eb79f\" data-elementor-lightbox-title=\"2-4.jpg\" data-e-action-hash=\"#elementor-action%3Aaction%3Dlightbox%26settings%3DeyJpZCI6NjA4LCJ1cmwiOiJodHRwczpcL1wvbXVyZWwuY29tLnRyXC93cC1jb250ZW50XC91cGxvYWRzXC8yMDI1XC8wMVwvMi00LmpwZyIsInNsaWRlc2hvdyI6IjE0NmViNzlmIn0%3D\" href='https:\/\/murel.com.tr\/wp-content\/uploads\/2025\/01\/2-4.jpg'><img loading=\"lazy\" decoding=\"async\" width=\"1600\" height=\"900\" src=\"https:\/\/murel.com.tr\/wp-content\/uploads\/2025\/01\/2-4.jpg\" class=\"attachment-full size-full\" alt=\"\" srcset=\"https:\/\/murel.com.tr\/wp-content\/uploads\/2025\/01\/2-4.jpg 1600w, https:\/\/murel.com.tr\/wp-content\/uploads\/2025\/01\/2-4-300x169.jpg 300w, https:\/\/murel.com.tr\/wp-content\/uploads\/2025\/01\/2-4-1024x576.jpg 1024w, https:\/\/murel.com.tr\/wp-content\/uploads\/2025\/01\/2-4-768x432.jpg 768w, https:\/\/murel.com.tr\/wp-content\/uploads\/2025\/01\/2-4-1536x864.jpg 1536w\" sizes=\"(max-width: 1600px) 100vw, 1600px\" \/><\/a>\n\t\t\t<\/div><\/figure>\n\t\t<\/div>\n\t\t<\/div>\n\t\t\t\t\t\t<\/div>\n\t\t\t\t<\/div>\n\t\t\t\t\t<\/div>\n\t\t\t\t<\/div>\n\t\t<div class=\"elementor-element elementor-element-2f07dc6 e-flex e-con-boxed e-con e-parent\" data-id=\"2f07dc6\" data-element_type=\"container\" data-e-type=\"container\">\n\t\t\t\t\t<div class=\"e-con-inner\">\n\t\t\t\t<div class=\"elementor-element elementor-element-1d7a094b elementor-widget__width-auto elementor-widget elementor-widget-heading\" data-id=\"1d7a094b\" data-element_type=\"widget\" data-e-type=\"widget\" data-widget_type=\"heading.default\">\n\t\t\t\t<div class=\"elementor-widget-container\">\n\t\t\t\t\t<h2 class=\"elementor-heading-title elementor-size-default\">Project Location<\/h2>\t\t\t\t<\/div>\n\t\t\t\t<\/div>\n\t\t\t\t<div class=\"elementor-element elementor-element-524cc663 elementor-widget-divider--view-line elementor-widget elementor-widget-divider\" data-id=\"524cc663\" data-element_type=\"widget\" data-e-type=\"widget\" data-widget_type=\"divider.default\">\n\t\t\t\t<div class=\"elementor-widget-container\">\n\t\t\t\t\t\t\t<div class=\"elementor-divider\">\n\t\t\t<span class=\"elementor-divider-separator\">\n\t\t\t\t\t\t<\/span>\n\t\t<\/div>\n\t\t\t\t\t\t<\/div>\n\t\t\t\t<\/div>\n\t\t\t\t<div class=\"elementor-element elementor-element-37bd7559 elementor-hidden-mobile elementor-widget elementor-widget-html\" data-id=\"37bd7559\" data-element_type=\"widget\" data-e-type=\"widget\" data-widget_type=\"html.default\">\n\t\t\t\t<div class=\"elementor-widget-container\">\n\t\t\t\t\t\n<div style=\"overflow: hidden; height: 600px; width: 100%;\">\n    <iframe src=\"https:\/\/www.google.com\/maps\/d\/embed?mid=1JrH1LmOCvdJMhwaaNC_VqbwGyqyIRdI&ehbc=2E312F&noprof=1\" \n            style=\"position:relative; top:-80px; height:680px; width:100%;\" \n            frameborder=\"0\"><\/iframe>\n<\/div>\t\t\t\t<\/div>\n\t\t\t\t<\/div>\n\t\t\t\t<div class=\"elementor-element elementor-element-732c1f92 elementor-hidden-desktop elementor-hidden-tablet elementor-widget elementor-widget-html\" data-id=\"732c1f92\" data-element_type=\"widget\" data-e-type=\"widget\" data-widget_type=\"html.default\">\n\t\t\t\t<div class=\"elementor-widget-container\">\n\t\t\t\t\t\n<div style=\"overflow: hidden; height: 300px; width: 100%;\">\n    <iframe src=\"https:\/\/www.google.com\/maps\/d\/embed?mid=14vvt35G1UJIshWUTLRsaoaE5wlz2fqs&ehbc=2E312F&noprof=1\" \n            style=\"position:relative; top:-80px; height:380px; width:100%;\" \n            frameborder=\"0\"><\/iframe>\n<\/div>\t\t\t\t<\/div>\n\t\t\t\t<\/div>\n\t\t\t\t\t<\/div>\n\t\t\t\t<\/div>\n\t\t\t\t<\/div>\n\t\t","protected":false},"excerpt":{"rendered":"<p>2017 &amp; Ad\u0131yaman, T\u00fcrkiye ADIYAMAN SPP Project Information LOCATION Ad\u0131yaman COMMISSIONING DATE 2017 INSTALLED CAPACITY (kWp) 11.155,00 INSTALLED CAPACITY (kWe) 9.804,00 PV MODULE BRAND HT-SAAE NUMBER OF PV MODULES 34.860 INVERTER BRAND HUAWEI NUMBER OF INVERTER 249 Project Details Murel Enerji \u00dcretim A.\u015e. has been providing clean energy with the 11.155,00 kWp installed capacity of [&hellip;]<\/p>\n","protected":false},"author":1,"featured_media":0,"parent":0,"menu_order":0,"comment_status":"closed","ping_status":"closed","template":"","meta":{"_monsterinsights_skip_tracking":false,"_monsterinsights_sitenote_active":false,"_monsterinsights_sitenote_note":"","_monsterinsights_sitenote_category":0,"footnotes":""},"class_list":["post-1046","page","type-page","status-publish","hentry"],"_links":{"self":[{"href":"https:\/\/murel.com.tr\/en\/wp-json\/wp\/v2\/pages\/1046","targetHints":{"allow":["GET"]}}],"collection":[{"href":"https:\/\/murel.com.tr\/en\/wp-json\/wp\/v2\/pages"}],"about":[{"href":"https:\/\/murel.com.tr\/en\/wp-json\/wp\/v2\/types\/page"}],"author":[{"embeddable":true,"href":"https:\/\/murel.com.tr\/en\/wp-json\/wp\/v2\/users\/1"}],"replies":[{"embeddable":true,"href":"https:\/\/murel.com.tr\/en\/wp-json\/wp\/v2\/comments?post=1046"}],"version-history":[{"count":7,"href":"https:\/\/murel.com.tr\/en\/wp-json\/wp\/v2\/pages\/1046\/revisions"}],"predecessor-version":[{"id":1103,"href":"https:\/\/murel.com.tr\/en\/wp-json\/wp\/v2\/pages\/1046\/revisions\/1103"}],"wp:attachment":[{"href":"https:\/\/murel.com.tr\/en\/wp-json\/wp\/v2\/media?parent=1046"}],"curies":[{"name":"wp","href":"https:\/\/api.w.org\/{rel}","templated":true}]}}