{"id":934,"date":"2025-01-06T19:24:19","date_gmt":"2025-01-06T19:24:19","guid":{"rendered":"https:\/\/murel.com.tr\/?page_id=934"},"modified":"2025-01-08T20:52:24","modified_gmt":"2025-01-08T20:52:24","slug":"about-us","status":"publish","type":"page","link":"https:\/\/murel.com.tr\/en\/about-us\/","title":{"rendered":"About Us"},"content":{"rendered":"\t\t<div data-elementor-type=\"wp-page\" data-elementor-id=\"934\" class=\"elementor elementor-934 elementor-188\" data-elementor-post-type=\"page\">\n\t\t\t\t<div class=\"elementor-element elementor-element-5bbbd8a6 e-con-full e-flex e-con e-parent\" data-id=\"5bbbd8a6\" data-element_type=\"container\" data-e-type=\"container\" data-settings=\"{&quot;background_background&quot;:&quot;classic&quot;}\">\n\t\t\t\t<div class=\"elementor-element elementor-element-6783e30c elementor-widget elementor-widget-heading\" data-id=\"6783e30c\" data-element_type=\"widget\" data-e-type=\"widget\" data-widget_type=\"heading.default\">\n\t\t\t\t<div class=\"elementor-widget-container\">\n\t\t\t\t\t<h2 class=\"elementor-heading-title elementor-size-default\">About Us<\/h2>\t\t\t\t<\/div>\n\t\t\t\t<\/div>\n\t\t\t\t<div class=\"elementor-element elementor-element-7f37713f elementor-widget elementor-widget-heading\" data-id=\"7f37713f\" data-element_type=\"widget\" data-e-type=\"widget\" data-widget_type=\"heading.default\">\n\t\t\t\t<div class=\"elementor-widget-container\">\n\t\t\t\t\t<h6 class=\"elementor-heading-title elementor-size-default\">Homepage &gt; About Us<\/h6>\t\t\t\t<\/div>\n\t\t\t\t<\/div>\n\t\t\t\t<\/div>\n\t\t<div class=\"elementor-element elementor-element-788f24d7 e-flex e-con-boxed e-con e-parent\" data-id=\"788f24d7\" data-element_type=\"container\" data-e-type=\"container\">\n\t\t\t\t\t<div class=\"e-con-inner\">\n\t\t\t\t<div class=\"elementor-element elementor-element-1185fdba elementor-widget elementor-widget-heading\" data-id=\"1185fdba\" data-element_type=\"widget\" data-e-type=\"widget\" data-widget_type=\"heading.default\">\n\t\t\t\t<div class=\"elementor-widget-container\">\n\t\t\t\t\t<h2 class=\"elementor-heading-title elementor-size-default\">Murel Group of Companies<\/h2>\t\t\t\t<\/div>\n\t\t\t\t<\/div>\n\t\t\t\t<div class=\"elementor-element elementor-element-3fd1ef19 elementor-widget elementor-widget-text-editor\" data-id=\"3fd1ef19\" data-element_type=\"widget\" data-e-type=\"widget\" data-widget_type=\"text-editor.default\">\n\t\t\t\t<div class=\"elementor-widget-container\">\n\t\t\t\t\t\t\t\t\t<p>Murel Group of Companies, which has derived its management policies from the deep-rooted history and professional knowledge of its founders, has been demonstrating significant success with its activities at home and abroad for a quarter of a century. Today, thanks to its advanced technical expertise and strategic vision, the company continues to strengthen its competitive position in T\u00fcrkiye and globally. Through innovative investments and forward-thinking planning, Murel Group creates lasting value for its management team, stakeholders, and partners.<\/p><p>Murel Group provides employment to approximately 1,000 people, including 50 specialized engineers, through its subsidiaries operating in the fields of energy, investment, manufacturing, agriculture, and maritime. Such as Murel\u2019s main activities for the construction of energy plant projects both domestically and internationally, Murel\u2019s substantial business volume is generating with the activities and investments in various sectors in T\u00fcrkiye and abroad.<\/p><p>One of Murel Demir \u00c7elik ve Ticaret A.\u015e.\u2019s strong investments for the purpose of meeting T\u00fcrkiye\u2019s need for mesh reinforcement with the iron-steel factory established in Tekirda\u011f Hayrabolu, which has positioned itself as one of T\u00fcrkiye\u2019s leading producers with its annual production tonnage. We are proud to report a significant upward trend in international export figures of Murel Demir \u00c7elik A.\u015e. iron-steel factory, underscoring our commitment to delivering quality and expanding our global presence.<\/p><p>Murel End\u00fcstri Dan\u0131\u015fmanl\u0131k ve Denizcilik A.\u015e. continues its operational initiatives to foster collaborations and partnerships with technology companies, focusing particularly on integrating modern technologies into power generation. In the maritime sector, the company\u2019s activities include commercial and technical ship management and ship chartering, while its experienced management team continues to adhere to traditional values \u200b\u200bwhile taking significant steps to implement advanced operational processes.<\/p><p>Murel Enerji \u00dcretim A.\u015e. upholds its commitment to environmental sustainability in future investments, demonstrating its responsibility in addressing the global climate crisis through its solar power plant projects.<\/p><p>Murel Yat\u0131r\u0131m \u0130n\u015faat A.\u015e. takes pride in its successful contributions to energy plant construction, working in collaboration with T\u00fcrkiye\u2019s largest energy companies on both domestic and international projects. Specializing in heavy industry investments, we lead projects in steel production facilities and innovative manufacturing plants. We are committed to delivering high-efficiency, environmentally friendly solutions that meet both local and international standards.<\/p><p>Murel Group continues to operate both domestically and internationally across the energy, investment, manufacturing, agriculture, and maritime sectors, with a steadfast focus on effective internal communication, as it has always done. The company prioritizes the development of its team, earning the loyalty of its highly skilled and experienced employees, while striving to achieve the highest levels of customer satisfaction. Embracing sustainability, committing to continuous quality improvement, and with a vision to lead the industry, Murel Group remains dedicated to its goals.<\/p>\t\t\t\t\t\t\t\t<\/div>\n\t\t\t\t<\/div>\n\t\t\t\t\t<\/div>\n\t\t\t\t<\/div>\n\t\t\t\t<\/div>\n\t\t","protected":false},"excerpt":{"rendered":"<p>About Us Homepage &gt; About Us Murel Group of Companies Murel Group of Companies, which has derived its management policies from the deep-rooted history and professional knowledge of its founders, has been demonstrating significant success with its activities at home and abroad for a quarter of a century. Today, thanks to its advanced technical expertise [&hellip;]<\/p>\n","protected":false},"author":1,"featured_media":0,"parent":0,"menu_order":0,"comment_status":"closed","ping_status":"closed","template":"","meta":{"_monsterinsights_skip_tracking":false,"_monsterinsights_sitenote_active":false,"_monsterinsights_sitenote_note":"","_monsterinsights_sitenote_category":0,"footnotes":""},"class_list":["post-934","page","type-page","status-publish","hentry"],"_links":{"self":[{"href":"https:\/\/murel.com.tr\/en\/wp-json\/wp\/v2\/pages\/934","targetHints":{"allow":["GET"]}}],"collection":[{"href":"https:\/\/murel.com.tr\/en\/wp-json\/wp\/v2\/pages"}],"about":[{"href":"https:\/\/murel.com.tr\/en\/wp-json\/wp\/v2\/types\/page"}],"author":[{"embeddable":true,"href":"https:\/\/murel.com.tr\/en\/wp-json\/wp\/v2\/users\/1"}],"replies":[{"embeddable":true,"href":"https:\/\/murel.com.tr\/en\/wp-json\/wp\/v2\/comments?post=934"}],"version-history":[{"count":7,"href":"https:\/\/murel.com.tr\/en\/wp-json\/wp\/v2\/pages\/934\/revisions"}],"predecessor-version":[{"id":1225,"href":"https:\/\/murel.com.tr\/en\/wp-json\/wp\/v2\/pages\/934\/revisions\/1225"}],"wp:attachment":[{"href":"https:\/\/murel.com.tr\/en\/wp-json\/wp\/v2\/media?parent=934"}],"curies":[{"name":"wp","href":"https:\/\/api.w.org\/{rel}","templated":true}]}}