{"id":1304,"date":"2025-01-06T19:24:19","date_gmt":"2025-01-06T19:24:19","guid":{"rendered":"https:\/\/murel.com.tr\/?page_id=1304"},"modified":"2025-01-09T19:21:49","modified_gmt":"2025-01-09T19:21:49","slug":"about-us","status":"publish","type":"page","link":"https:\/\/murel.com.tr\/ru\/about-us\/","title":{"rendered":"\u041e \u043d\u0430\u0441"},"content":{"rendered":"\t\t<div data-elementor-type=\"wp-page\" data-elementor-id=\"1304\" class=\"elementor elementor-1304 elementor-188\" data-elementor-post-type=\"page\">\n\t\t\t\t<div class=\"elementor-element elementor-element-5bbbd8a6 e-con-full e-flex e-con e-parent\" data-id=\"5bbbd8a6\" data-element_type=\"container\" data-e-type=\"container\" data-settings=\"{&quot;background_background&quot;:&quot;classic&quot;}\">\n\t\t\t\t<div class=\"elementor-element elementor-element-6783e30c elementor-widget elementor-widget-heading\" data-id=\"6783e30c\" data-element_type=\"widget\" data-e-type=\"widget\" data-widget_type=\"heading.default\">\n\t\t\t\t<div class=\"elementor-widget-container\">\n\t\t\t\t\t<h2 class=\"elementor-heading-title elementor-size-default\">\u041e \u043d\u0430\u0441<\/h2>\t\t\t\t<\/div>\n\t\t\t\t<\/div>\n\t\t\t\t<div class=\"elementor-element elementor-element-7f37713f elementor-widget elementor-widget-heading\" data-id=\"7f37713f\" data-element_type=\"widget\" data-e-type=\"widget\" data-widget_type=\"heading.default\">\n\t\t\t\t<div class=\"elementor-widget-container\">\n\t\t\t\t\t<h6 class=\"elementor-heading-title elementor-size-default\">\u0413\u043b\u0430\u0432\u043d\u0430\u044f \u0441\u0442\u0440\u0430\u043d\u0438\u0446\u0430 &gt; \u041e \u043d\u0430\u0441<\/h6>\t\t\t\t<\/div>\n\t\t\t\t<\/div>\n\t\t\t\t<\/div>\n\t\t<div class=\"elementor-element elementor-element-788f24d7 e-flex e-con-boxed e-con e-parent\" data-id=\"788f24d7\" data-element_type=\"container\" data-e-type=\"container\">\n\t\t\t\t\t<div class=\"e-con-inner\">\n\t\t\t\t<div class=\"elementor-element elementor-element-1185fdba elementor-widget elementor-widget-heading\" data-id=\"1185fdba\" data-element_type=\"widget\" data-e-type=\"widget\" data-widget_type=\"heading.default\">\n\t\t\t\t<div class=\"elementor-widget-container\">\n\t\t\t\t\t<h2 class=\"elementor-heading-title elementor-size-default\">\u0413\u0440\u0443\u043f\u043f\u0430 \u043a\u043e\u043c\u043f\u0430\u043d\u0438\u0439 Murel<\/h2>\t\t\t\t<\/div>\n\t\t\t\t<\/div>\n\t\t\t\t<div class=\"elementor-element elementor-element-3fd1ef19 elementor-widget elementor-widget-text-editor\" data-id=\"3fd1ef19\" data-element_type=\"widget\" data-e-type=\"widget\" data-widget_type=\"text-editor.default\">\n\t\t\t\t<div class=\"elementor-widget-container\">\n\t\t\t\t\t\t\t\t\t<p>\u0413\u0440\u0443\u043f\u043f\u0430 \u043a\u043e\u043c\u043f\u0430\u043d\u0438\u0439 Murel, \u043a\u043e\u0442\u043e\u0440\u0430\u044f \u0432 \u0441\u0432\u043e\u0435\u0439 \u0443\u043f\u0440\u0430\u0432\u043b\u0435\u043d\u0447\u0435\u0441\u043a\u043e\u0439 \u043f\u043e\u043b\u0438\u0442\u0438\u043a\u0435 \u043e\u043f\u0438\u0440\u0430\u0435\u0442\u0441\u044f \u043d\u0430 \u0443\u0441\u0442\u043e\u044f\u0432\u0448\u0443\u044e\u0441\u044f \u0438\u0441\u0442\u043e\u0440\u0438\u044e \u0438 \u043f\u0440\u043e\u0444\u0435\u0441\u0441\u0438\u043e\u043d\u0430\u043b\u044c\u043d\u044b\u0439 \u043e\u043f\u044b\u0442 \u0441\u0432\u043e\u0438\u0445 \u043e\u0441\u043d\u043e\u0432\u0430\u0442\u0435\u043b\u0435\u0439, \u0432\u043e\u0442 \u0443\u0436\u0435 \u0447\u0435\u0442\u0432\u0435\u0440\u0442\u044c \u0432\u0435\u043a\u0430 \u0434\u043e\u0431\u0438\u0432\u0430\u0435\u0442\u0441\u044f \u0437\u043d\u0430\u0447\u0438\u0442\u0435\u043b\u044c\u043d\u044b\u0445 \u0443\u0441\u043f\u0435\u0445\u043e\u0432 \u0432 \u0441\u0432\u043e\u0435\u0439 \u0434\u0435\u044f\u0442\u0435\u043b\u044c\u043d\u043e\u0441\u0442\u0438 \u0432 \u0422\u0443\u0440\u0446\u0438\u0438 \u0438 \u0437\u0430 \u0440\u0443\u0431\u0435\u0436\u043e\u043c. \u0421\u0435\u0433\u043e\u0434\u043d\u044f, \u0431\u043b\u0430\u0433\u043e\u0434\u0430\u0440\u044f \u0441\u0432\u043e\u0435\u043c\u0443 \u0442\u0435\u0445\u043d\u0438\u0447\u0435\u0441\u043a\u043e\u043c\u0443 \u043e\u043f\u044b\u0442\u0443 \u0438 \u0441\u043f\u043e\u0441\u043e\u0431\u043d\u043e\u0441\u0442\u044f\u043c, \u043e\u043d\u0430 \u043d\u0435 \u0442\u043e\u043b\u044c\u043a\u043e \u043f\u043e\u0432\u044b\u0448\u0430\u0435\u0442 \u0441\u0432\u043e\u044e \u043a\u043e\u043d\u043a\u0443\u0440\u0435\u043d\u0442\u043e\u0441\u043f\u043e\u0441\u043e\u0431\u043d\u043e\u0441\u0442\u044c \u0432 \u0422\u0443\u0440\u0446\u0438\u0438 \u0438 \u0432\u043e \u0432\u0441\u0435\u043c \u043c\u0438\u0440\u0435, \u043d\u043e \u0438 \u043f\u0440\u043e\u0434\u043e\u043b\u0436\u0430\u0435\u0442 \u0441\u043e\u0432\u0435\u0440\u0448\u0430\u0442\u044c \u043f\u0440\u043e\u0440\u044b\u0432\u044b \u0432\u043e \u0431\u043b\u0430\u0433\u043e \u0432\u0441\u0435\u0439 \u0441\u0432\u043e\u0435\u0439 \u043a\u043e\u043c\u0430\u043d\u0434\u044b \u043c\u0435\u043d\u0435\u0434\u0436\u0435\u0440\u043e\u0432 \u0438 \u0437\u0430\u0438\u043d\u0442\u0435\u0440\u0435\u0441\u043e\u0432\u0430\u043d\u043d\u044b\u0445 \u0441\u0442\u043e\u0440\u043e\u043d \u0431\u043b\u0430\u0433\u043e\u0434\u0430\u0440\u044f \u0441\u0432\u043e\u0438\u043c \u0441\u0442\u0440\u0430\u0442\u0435\u0433\u0438\u0447\u0435\u0441\u043a\u0438\u043c \u0438\u043d\u0432\u0435\u0441\u0442\u0438\u0446\u0438\u044f\u043c \u0438 \u043f\u043b\u0430\u043d\u0430\u043c.<\/p><p>\u0412 \u0433\u0440\u0443\u043f\u043f\u0435 \u043a\u043e\u043c\u043f\u0430\u043d\u0438\u0439 Murel \u0440\u0430\u0431\u043e\u0442\u0430\u0435\u0442 \u043e\u043a\u043e\u043b\u043e 1 000 \u0447\u0435\u043b\u043e\u0432\u0435\u043a, 50 \u0438\u0437 \u043a\u043e\u0442\u043e\u0440\u044b\u0445 &#8212; \u0438\u043d\u0436\u0435\u043d\u0435\u0440\u044b, \u0441\u043f\u0435\u0446\u0438\u0430\u043b\u0438\u0437\u0438\u0440\u0443\u044e\u0449\u0438\u0435\u0441\u044f \u0432 \u0441\u0432\u043e\u0438\u0445 \u043e\u0431\u043b\u0430\u0441\u0442\u044f\u0445 \u0432 \u0441\u0444\u0435\u0440\u0435 \u044d\u043d\u0435\u0440\u0433\u0435\u0442\u0438\u043a\u0438, \u0438\u043d\u0432\u0435\u0441\u0442\u0438\u0446\u0438\u0439, \u043f\u0440\u043e\u0438\u0437\u0432\u043e\u0434\u0441\u0442\u0432\u0430, \u0441\u0435\u043b\u044c\u0441\u043a\u043e\u0433\u043e \u0445\u043e\u0437\u044f\u0439\u0441\u0442\u0432\u0430 \u0438 \u043c\u043e\u0440\u0441\u043a\u043e\u0433\u043e \u0442\u0440\u0430\u043d\u0441\u043f\u043e\u0440\u0442\u0430. \u0413\u0440\u0443\u043f\u043f\u0430 \u0440\u0430\u0441\u0448\u0438\u0440\u044f\u0435\u0442 \u043e\u0431\u044a\u0435\u043c \u0441\u0432\u043e\u0438\u0445 \u0440\u0430\u0431\u043e\u0442 \u0437\u0430 \u0441\u0447\u0435\u0442 \u0434\u0435\u044f\u0442\u0435\u043b\u044c\u043d\u043e\u0441\u0442\u0438 \u0438 \u0438\u043d\u0432\u0435\u0441\u0442\u0438\u0446\u0438\u0439 \u0432 \u0440\u0430\u0437\u043b\u0438\u0447\u043d\u044b\u0445 \u0441\u0435\u043a\u0442\u043e\u0440\u0430\u0445 \u043a\u0430\u043a \u0432 \u0422\u0443\u0440\u0446\u0438\u0438, \u0442\u0430\u043a \u0438 \u0437\u0430 \u0440\u0443\u0431\u0435\u0436\u043e\u043c, \u043e\u0441\u043e\u0431\u0435\u043d\u043d\u043e \u0432 \u043f\u0440\u043e\u0435\u043a\u0442\u0430\u0445 \u0441\u0442\u0440\u043e\u0438\u0442\u0435\u043b\u044c\u0441\u0442\u0432\u0430 \u044d\u043b\u0435\u043a\u0442\u0440\u043e\u0441\u0442\u0430\u043d\u0446\u0438\u0439 \u043d\u0430 \u0432\u043d\u0443\u0442\u0440\u0435\u043d\u043d\u0435\u043c \u0438 \u043c\u0435\u0436\u0434\u0443\u043d\u0430\u0440\u043e\u0434\u043d\u043e\u043c \u0440\u044b\u043d\u043a\u0430\u0445, \u0447\u0442\u043e \u044f\u0432\u043b\u044f\u0435\u0442\u0441\u044f \u043e\u0434\u043d\u0438\u043c \u0438\u0437 \u043e\u0441\u043d\u043e\u0432\u043d\u044b\u0445 \u043d\u0430\u043f\u0440\u0430\u0432\u043b\u0435\u043d\u0438\u0439 \u0435\u0435 \u0434\u0435\u044f\u0442\u0435\u043b\u044c\u043d\u043e\u0441\u0442\u0438.<\/p><p>\u0417\u0430\u0432\u043e\u0434 \u043f\u043e \u043f\u0440\u043e\u0438\u0437\u0432\u043e\u0434\u0441\u0442\u0432\u0443 \u0441\u0442\u0430\u043b\u044c\u043d\u043e\u0439 \u043f\u0440\u043e\u0432\u043e\u043b\u043e\u0447\u043d\u043e\u0439 \u0441\u0435\u0442\u043a\u0438, \u043e\u0441\u043d\u043e\u0432\u0430\u043d\u043d\u044b\u0439 \u0432 \u0422\u0435\u043a\u0438\u0440\u0434\u0430\u0433\u0435, \u044f\u0432\u043b\u044f\u0435\u0442\u0441\u044f \u043e\u0434\u043d\u043e\u0439 \u0438\u0437 \u0432\u0430\u0436\u043d\u044b\u0445 \u0438\u043d\u0432\u0435\u0441\u0442\u0438\u0446\u0438\u0439 \u043a\u043e\u043c\u043f\u0430\u043d\u0438\u0438 Murel Demir \u00c7elik ve Ticaret A.\u015e. \u041e\u043d \u043f\u043e\u0437\u0438\u0446\u0438\u043e\u043d\u0438\u0440\u0443\u0435\u0442 \u043e\u0434\u043d\u0438\u043c \u0438\u0437 \u0432\u0435\u0434\u0443\u0449\u0438\u0445 \u043f\u0440\u043e\u0438\u0437\u0432\u043e\u0434\u0438\u0442\u0435\u043b\u0435\u0439 \u0432 \u0422\u0443\u0440\u0446\u0438\u0438 \u043f\u043e \u0433\u043e\u0434\u043e\u0432\u043e\u043c\u0443 \u043e\u0431\u044a\u0435\u043c\u0443 \u0433\u043e\u0442\u043e\u0432\u043e\u0439 \u043f\u0440\u043e\u0434\u0443\u043a\u0446\u0438\u0438, \u0430 \u0442\u0430\u043a\u0436\u0435 \u0434\u043e\u0441\u0442\u0438\u0433 \u0437\u043d\u0430\u0447\u0438\u0442\u0435\u043b\u044c\u043d\u043e\u0439 \u0434\u0438\u043d\u0430\u043c\u0438\u043a\u0438 \u0440\u0430\u0437\u0432\u0438\u0442\u0438\u044f \u0432 \u043f\u043e\u043a\u0430\u0437\u0430\u0442\u0435\u043b\u044f\u0445 \u044d\u043a\u0441\u043f\u043e\u0440\u0442\u0430 \u043d\u0430 \u043c\u0435\u0436\u0434\u0443\u043d\u0430\u0440\u043e\u0434\u043d\u043e\u043c \u0440\u044b\u043d\u043a\u0435.<\/p><p>\u041a\u043e\u043c\u043f\u0430\u043d\u0438\u044f Murel End\u00fcstri Dan\u0131\u015fmanl\u0131k ve Denizcilik A.\u015e. \u0441\u0442\u0440\u0435\u043c\u0438\u0442\u0441\u044f \u0440\u0430\u0437\u0432\u0438\u0432\u0430\u0442\u044c \u0441\u043e\u0442\u0440\u0443\u0434\u043d\u0438\u0447\u0435\u0441\u0442\u0432\u043e \u0438 \u043f\u0430\u0440\u0442\u043d\u0435\u0440\u0441\u0442\u0432\u043e \u0441 \u0442\u0435\u0445\u043d\u043e\u043b\u043e\u0433\u0438\u0447\u0435\u0441\u043a\u0438\u043c\u0438 \u043a\u043e\u043c\u043f\u0430\u043d\u0438\u044f\u043c\u0438, \u043e\u0441\u043e\u0431\u0435\u043d\u043d\u043e \u0432 \u043e\u0431\u043b\u0430\u0441\u0442\u0438 \u043f\u0440\u0438\u043c\u0435\u043d\u0435\u043d\u0438\u044f \u0441\u043e\u0432\u0440\u0435\u043c\u0435\u043d\u043d\u044b\u0445 \u0442\u0435\u0445\u043d\u043e\u043b\u043e\u0433\u0438\u0439 \u0434\u043b\u044f \u0432\u043d\u0435\u0434\u0440\u0435\u043d\u0438\u044f \u0432 \u043f\u0440\u043e\u0438\u0437\u0432\u043e\u0434\u0441\u0442\u0432\u043e \u044d\u043b\u0435\u043a\u0442\u0440\u043e\u044d\u043d\u0435\u0440\u0433\u0438\u0438. \u041a\u043e\u043c\u043f\u0430\u043d\u0438\u044f \u043f\u0440\u0435\u0434\u043e\u0441\u0442\u0430\u0432\u043b\u044f\u0435\u0442 \u043a\u043e\u043d\u0441\u0443\u043b\u044c\u0442\u0430\u0446\u0438\u043e\u043d\u043d\u044b\u0435 \u0443\u0441\u043b\u0443\u0433\u0438 \u0442\u0440\u0435\u0442\u044c\u0438\u043c \u043b\u0438\u0446\u0430\u043c, \u0430 \u0442\u0430\u043a\u0436\u0435 \u043e\u0441\u0443\u0449\u0435\u0441\u0442\u0432\u043b\u044f\u0435\u0442 \u0441\u043e\u0431\u0441\u0442\u0432\u0435\u043d\u043d\u044b\u0435 \u0438\u043d\u0432\u0435\u0441\u0442\u0438\u0446\u0438\u0438 \u0432 \u043e\u0431\u043b\u0430\u0441\u0442\u0438 \u0443\u0441\u0442\u0430\u043d\u043e\u0432\u043a\u0438 \u0438 \u044d\u043a\u0441\u043f\u043b\u0443\u0430\u0442\u0430\u0446\u0438\u0438 \u043d\u0430\u043a\u043e\u043f\u0438\u0442\u0435\u043b\u0435\u0439 \u044d\u043d\u0435\u0440\u0433\u0438\u0438 \u0438 \u043e\u0431\u044a\u0435\u043a\u0442\u043e\u0432 \u0432\u043e\u0437\u043e\u0431\u043d\u043e\u0432\u043b\u044f\u0435\u043c\u043e\u0439 \u044d\u043d\u0435\u0440\u0433\u0435\u0442\u0438\u043a\u0438. \u0411\u043b\u0430\u0433\u043e\u0434\u0430\u0440\u044f \u043f\u0440\u043e\u0444\u0435\u0441\u0441\u0438\u043e\u043d\u0430\u043b\u044c\u043d\u043e\u043c\u0443 \u043e\u043f\u044b\u0442\u0443, \u0446\u0435\u043d\u043d\u043e\u0441\u0442\u044f\u043c \u0438 \u0442\u0440\u0430\u0434\u0438\u0446\u0438\u044f\u043c \u043a\u043e\u043c\u0430\u043d\u0434\u044b \u043c\u0435\u043d\u0435\u0434\u0436\u0435\u0440\u043e\u0432 \u0432 \u043c\u043e\u0440\u0441\u043a\u043e\u0439 \u0441\u0444\u0435\u0440\u0435 \u0431\u044b\u043b\u0438 \u043f\u0440\u0435\u0434\u043f\u0440\u0438\u043d\u044f\u0442\u044b \u0448\u0430\u0433\u0438 \u043f\u043e \u0440\u0435\u0430\u043b\u0438\u0437\u0430\u0446\u0438\u0438 \u043e\u043f\u0435\u0440\u0430\u0446\u0438\u043e\u043d\u043d\u044b\u0445 \u043f\u0440\u043e\u0446\u0435\u0441\u0441\u043e\u0432, \u043e\u0441\u043d\u043e\u0432\u043d\u044b\u043c\u0438 \u0432\u0438\u0434\u0430\u043c\u0438 \u0434\u0435\u044f\u0442\u0435\u043b\u044c\u043d\u043e\u0441\u0442\u0438 \u043a\u043e\u0442\u043e\u0440\u044b\u0445 \u044f\u0432\u043b\u044f\u044e\u0442\u0441\u044f \u043a\u043e\u043c\u043c\u0435\u0440\u0447\u0435\u0441\u043a\u043e\u0435 \u0438 \u0442\u0435\u0445\u043d\u0438\u0447\u0435\u0441\u043a\u043e\u0435 \u0443\u043f\u0440\u0430\u0432\u043b\u0435\u043d\u0438\u0435 \u0441\u0443\u0434\u0430\u043c\u0438 \u0438 \u0444\u0440\u0430\u0445\u0442\u043e\u0432\u0430\u043d\u0438\u0435 \u0441\u0443\u0434\u043e\u0432.<\/p><p>\u041a\u043e\u043c\u043f\u0430\u043d\u0438\u044f Murel Enerji \u00dcretim A.\u015e., \u0441\u043e\u0445\u0440\u0430\u043d\u044f\u044f \u044d\u043a\u043e\u043b\u043e\u0433\u0438\u0447\u0435\u0441\u043a\u0438\u0439 \u043f\u043e\u0434\u0445\u043e\u0434 \u0432 \u0441\u0432\u043e\u0438\u0445 \u0431\u0443\u0434\u0443\u0449\u0438\u0445 \u0438\u043d\u0432\u0435\u0441\u0442\u0438\u0446\u0438\u044f\u0445, \u0442\u0430\u043a\u0436\u0435 \u043f\u0440\u043e\u0434\u0435\u043c\u043e\u043d\u0441\u0442\u0440\u0438\u0440\u043e\u0432\u0430\u043b\u0430 \u0441\u0432\u043e\u0435 \u0447\u0443\u0432\u0441\u0442\u0432\u043e \u043e\u0442\u0432\u0435\u0442\u0441\u0442\u0432\u0435\u043d\u043d\u043e\u0441\u0442\u0438 \u043f\u0435\u0440\u0435\u0434 \u0440\u0438\u0441\u043a\u0430\u043c\u0438 \u043a\u043b\u0438\u043c\u0430\u0442\u0438\u0447\u0435\u0441\u043a\u043e\u0433\u043e \u043a\u0440\u0438\u0437\u0438\u0441\u0430, \u043a\u043e\u0442\u043e\u0440\u044b\u0439 \u044f\u0432\u043b\u044f\u0435\u0442\u0441\u044f \u0441\u0430\u043c\u043e\u0439 \u0431\u043e\u043b\u044c\u0448\u043e\u0439 \u0443\u0433\u0440\u043e\u0437\u043e\u0439 \u0433\u043b\u043e\u0431\u0430\u043b\u044c\u043d\u043e\u0439 \u043a\u043e\u043d\u044a\u044e\u043d\u043a\u0442\u0443\u0440\u044b, \u0441 \u043f\u043e\u043c\u043e\u0449\u044c\u044e \u0432\u0432\u0435\u0434\u0435\u043d\u043d\u044b\u0445 \u0432 \u044d\u043a\u0441\u043f\u043b\u0443\u0430\u0442\u0430\u0446\u0438\u044e \u0441\u043e\u043b\u043d\u0435\u0447\u043d\u044b\u0445 \u044d\u043b\u0435\u043a\u0442\u0440\u043e\u0441\u0442\u0430\u043d\u0446\u0438\u0439.<\/p><p>\u041a\u043e\u043c\u043f\u0430\u043d\u0438\u044f Murel Yat\u0131r\u0131m \u0130n\u015faat A.\u015e. \u0433\u043e\u0440\u0434\u0438\u0442\u0441\u044f \u0441\u0432\u043e\u0438\u043c\u0438 \u0443\u0441\u043f\u0435\u0448\u043d\u044b\u043c\u0438 \u0432\u043a\u043b\u0430\u0434\u0430\u043c\u0438 \u043f\u043e \u0441\u0442\u0440\u043e\u0438\u0442\u0435\u043b\u044c\u0441\u0442\u0432\u0443 \u044d\u043b\u0435\u043a\u0442\u0440\u043e\u0441\u0442\u0430\u043d\u0446\u0438\u0439 \u0432 \u0422\u0443\u0440\u0446\u0438\u0438 \u0438 \u0437\u0430 \u0440\u0443\u0431\u0435\u0436\u043e\u043c \u0432 \u0441\u043e\u0442\u0440\u0443\u0434\u043d\u0438\u0447\u0435\u0441\u0442\u0432\u0435 \u0441 \u043a\u0440\u0443\u043f\u043d\u0435\u0439\u0448\u0438\u043c\u0438 \u044d\u043d\u0435\u0440\u0433\u0435\u0442\u0438\u0447\u0435\u0441\u043a\u0438\u043c\u0438 \u043a\u043e\u043c\u043f\u0430\u043d\u0438\u044f\u043c\u0438 \u0422\u0443\u0440\u0446\u0438\u0438.<\/p><p>\u0413\u0440\u0443\u043f\u043f\u0430 \u043a\u043e\u043c\u043f\u0430\u043d\u0438\u0439 Murel \u043f\u0440\u043e\u0434\u043e\u043b\u0436\u0430\u0435\u0442 \u0441\u0432\u043e\u044e \u0434\u0435\u044f\u0442\u0435\u043b\u044c\u043d\u043e\u0441\u0442\u044c \u0432 \u044d\u043d\u0435\u0440\u0433\u0435\u0442\u0438\u043a\u0435, \u0438\u043d\u0432\u0435\u0441\u0442\u0438\u0446\u0438\u044f\u0445, \u043e\u0431\u0440\u0430\u0431\u0430\u0442\u044b\u0432\u0430\u044e\u0449\u0435\u0439 \u043f\u0440\u043e\u043c\u044b\u0448\u043b\u0435\u043d\u043d\u043e\u0441\u0442\u0438, \u0441\u0435\u043b\u044c\u0441\u043a\u043e\u043c \u0445\u043e\u0437\u044f\u0439\u0441\u0442\u0432\u0435 \u0438 \u043c\u043e\u0440\u0441\u043a\u043e\u043c \u0441\u0435\u043a\u0442\u043e\u0440\u0435 \u0432 \u0422\u0443\u0440\u0446\u0438\u0438 \u0438 \u0437\u0430 \u0440\u0443\u0431\u0435\u0436\u043e\u043c \u0441 \u0432\u0438\u0434\u0435\u043d\u0438\u0435\u043c, \u043a\u043e\u0442\u043e\u0440\u043e\u0435 \u0437\u0430\u0431\u043e\u0442\u0438\u0442\u0441\u044f \u043e\u0431 \u044d\u0444\u0444\u0435\u043a\u0442\u0438\u0432\u043d\u043e\u0439 \u043a\u043e\u043c\u043c\u0443\u043d\u0438\u043a\u0430\u0446\u0438\u0438 \u0432 \u043a\u043e\u043c\u0430\u043d\u0434\u0435 \u0438 \u043e\u0431\u0435\u0441\u043f\u0435\u0447\u0438\u0432\u0430\u0435\u0442 \u043f\u043e\u0441\u0442\u043e\u044f\u043d\u0441\u0442\u0432\u043e \u0432\u044b\u0441\u043e\u043a\u043e\u043a\u0432\u0430\u043b\u0438\u0444\u0438\u0446\u0438\u0440\u043e\u0432\u0430\u043d\u043d\u044b\u0445 \u0438 \u043e\u043f\u044b\u0442\u043d\u044b\u0445 \u0441\u043e\u0442\u0440\u0443\u0434\u043d\u0438\u043a\u043e\u0432, \u0432\u043d\u043e\u0441\u044f \u0441\u0432\u043e\u0439 \u0432\u043a\u043b\u0430\u0434 \u0432 \u0440\u0430\u0437\u0432\u0438\u0442\u0438\u0435 \u043a\u043e\u043c\u0430\u043d\u0434\u044b, \u0441\u0442\u0440\u0435\u043c\u0438\u0442\u0441\u044f \u043f\u043e\u0434\u0434\u0435\u0440\u0436\u0438\u0432\u0430\u0442\u044c \u0443\u0434\u043e\u0432\u043b\u0435\u0442\u0432\u043e\u0440\u0435\u043d\u043d\u043e\u0441\u0442\u044c \u043a\u043b\u0438\u0435\u043d\u0442\u043e\u0432 \u043d\u0430 \u0441\u0430\u043c\u043e\u043c \u0432\u044b\u0441\u043e\u043a\u043e\u043c \u0443\u0440\u043e\u0432\u043d\u0435, \u043f\u0440\u0438\u043d\u0438\u043c\u0430\u0435\u0442 \u043f\u0440\u0438\u043d\u0446\u0438\u043f \u0443\u0441\u0442\u043e\u0439\u0447\u0438\u0432\u043e\u0441\u0442\u0438, \u043f\u043e\u0441\u0442\u043e\u044f\u043d\u043d\u043e\u0433\u043e \u0443\u043b\u0443\u0447\u0448\u0435\u043d\u0438\u044f \u043a\u0430\u0447\u0435\u0441\u0442\u0432\u0430 \u0438 \u0441\u0442\u0440\u0435\u043c\u0438\u0442\u0441\u044f \u0431\u044b\u0442\u044c \u043b\u0443\u0447\u0448\u0438\u043c \u0432 \u0441\u0435\u043a\u0442\u043e\u0440\u0435.<\/p>\t\t\t\t\t\t\t\t<\/div>\n\t\t\t\t<\/div>\n\t\t\t\t\t<\/div>\n\t\t\t\t<\/div>\n\t\t\t\t<\/div>\n\t\t","protected":false},"excerpt":{"rendered":"<p>\u041e \u043d\u0430\u0441 \u0413\u043b\u0430\u0432\u043d\u0430\u044f \u0441\u0442\u0440\u0430\u043d\u0438\u0446\u0430 &gt; \u041e \u043d\u0430\u0441 \u0413\u0440\u0443\u043f\u043f\u0430 \u043a\u043e\u043c\u043f\u0430\u043d\u0438\u0439 Murel \u0413\u0440\u0443\u043f\u043f\u0430 \u043a\u043e\u043c\u043f\u0430\u043d\u0438\u0439 Murel, \u043a\u043e\u0442\u043e\u0440\u0430\u044f \u0432 \u0441\u0432\u043e\u0435\u0439 \u0443\u043f\u0440\u0430\u0432\u043b\u0435\u043d\u0447\u0435\u0441\u043a\u043e\u0439 \u043f\u043e\u043b\u0438\u0442\u0438\u043a\u0435 \u043e\u043f\u0438\u0440\u0430\u0435\u0442\u0441\u044f \u043d\u0430 \u0443\u0441\u0442\u043e\u044f\u0432\u0448\u0443\u044e\u0441\u044f \u0438\u0441\u0442\u043e\u0440\u0438\u044e \u0438 \u043f\u0440\u043e\u0444\u0435\u0441\u0441\u0438\u043e\u043d\u0430\u043b\u044c\u043d\u044b\u0439 \u043e\u043f\u044b\u0442 \u0441\u0432\u043e\u0438\u0445 \u043e\u0441\u043d\u043e\u0432\u0430\u0442\u0435\u043b\u0435\u0439, \u0432\u043e\u0442 \u0443\u0436\u0435 \u0447\u0435\u0442\u0432\u0435\u0440\u0442\u044c \u0432\u0435\u043a\u0430 \u0434\u043e\u0431\u0438\u0432\u0430\u0435\u0442\u0441\u044f \u0437\u043d\u0430\u0447\u0438\u0442\u0435\u043b\u044c\u043d\u044b\u0445 \u0443\u0441\u043f\u0435\u0445\u043e\u0432 \u0432 \u0441\u0432\u043e\u0435\u0439 \u0434\u0435\u044f\u0442\u0435\u043b\u044c\u043d\u043e\u0441\u0442\u0438 \u0432 \u0422\u0443\u0440\u0446\u0438\u0438 \u0438 \u0437\u0430 \u0440\u0443\u0431\u0435\u0436\u043e\u043c. \u0421\u0435\u0433\u043e\u0434\u043d\u044f, \u0431\u043b\u0430\u0433\u043e\u0434\u0430\u0440\u044f \u0441\u0432\u043e\u0435\u043c\u0443 \u0442\u0435\u0445\u043d\u0438\u0447\u0435\u0441\u043a\u043e\u043c\u0443 \u043e\u043f\u044b\u0442\u0443 \u0438 \u0441\u043f\u043e\u0441\u043e\u0431\u043d\u043e\u0441\u0442\u044f\u043c, \u043e\u043d\u0430 \u043d\u0435 \u0442\u043e\u043b\u044c\u043a\u043e \u043f\u043e\u0432\u044b\u0448\u0430\u0435\u0442 \u0441\u0432\u043e\u044e \u043a\u043e\u043d\u043a\u0443\u0440\u0435\u043d\u0442\u043e\u0441\u043f\u043e\u0441\u043e\u0431\u043d\u043e\u0441\u0442\u044c [&hellip;]<\/p>\n","protected":false},"author":1,"featured_media":0,"parent":0,"menu_order":0,"comment_status":"closed","ping_status":"closed","template":"","meta":{"_monsterinsights_skip_tracking":false,"_monsterinsights_sitenote_active":false,"_monsterinsights_sitenote_note":"","_monsterinsights_sitenote_category":0,"footnotes":""},"class_list":["post-1304","page","type-page","status-publish","hentry"],"_links":{"self":[{"href":"https:\/\/murel.com.tr\/ru\/wp-json\/wp\/v2\/pages\/1304","targetHints":{"allow":["GET"]}}],"collection":[{"href":"https:\/\/murel.com.tr\/ru\/wp-json\/wp\/v2\/pages"}],"about":[{"href":"https:\/\/murel.com.tr\/ru\/wp-json\/wp\/v2\/types\/page"}],"author":[{"embeddable":true,"href":"https:\/\/murel.com.tr\/ru\/wp-json\/wp\/v2\/users\/1"}],"replies":[{"embeddable":true,"href":"https:\/\/murel.com.tr\/ru\/wp-json\/wp\/v2\/comments?post=1304"}],"version-history":[{"count":7,"href":"https:\/\/murel.com.tr\/ru\/wp-json\/wp\/v2\/pages\/1304\/revisions"}],"predecessor-version":[{"id":1437,"href":"https:\/\/murel.com.tr\/ru\/wp-json\/wp\/v2\/pages\/1304\/revisions\/1437"}],"wp:attachment":[{"href":"https:\/\/murel.com.tr\/ru\/wp-json\/wp\/v2\/media?parent=1304"}],"curies":[{"name":"wp","href":"https:\/\/api.w.org\/{rel}","templated":true}]}}