{"id":1368,"date":"2025-01-06T19:24:12","date_gmt":"2025-01-06T19:24:12","guid":{"rendered":"https:\/\/murel.com.tr\/?page_id=1368"},"modified":"2025-01-09T20:09:25","modified_gmt":"2025-01-09T20:09:25","slug":"contact","status":"publish","type":"page","link":"https:\/\/murel.com.tr\/ru\/contact\/","title":{"rendered":"\u0421\u0412\u042f\u0417\u042c"},"content":{"rendered":"\t\t<div data-elementor-type=\"wp-page\" data-elementor-id=\"1368\" class=\"elementor elementor-1368 elementor-165\" data-elementor-post-type=\"page\">\n\t\t\t\t<div class=\"elementor-element elementor-element-8e83db4 e-flex e-con-boxed e-con e-parent\" data-id=\"8e83db4\" data-element_type=\"container\" data-e-type=\"container\" data-settings=\"{&quot;background_background&quot;:&quot;classic&quot;}\">\n\t\t\t\t\t<div class=\"e-con-inner\">\n\t\t\t\t\t<\/div>\n\t\t\t\t<\/div>\n\t\t<div class=\"elementor-element elementor-element-44da7423 e-con-full e-flex e-con e-parent\" data-id=\"44da7423\" data-element_type=\"container\" data-e-type=\"container\">\n\t\t\t\t<div class=\"elementor-element elementor-element-641c234d elementor-widget elementor-widget-html\" data-id=\"641c234d\" data-element_type=\"widget\" data-e-type=\"widget\" data-widget_type=\"html.default\">\n\t\t\t\t<div class=\"elementor-widget-container\">\n\t\t\t\t\t<iframe src=\"https:\/\/www.google.com\/maps\/embed?pb=!1m18!1m12!1m3!1d24075.56785896812!2d29.018546256155037!3d41.037375236676176!2m3!1f0!2f0!3f0!3m2!1i1024!2i768!4f13.1!3m3!1m2!1s0x14cac97b683d82db%3A0xfb83c50b7a23a164!2sMurel!5e0!3m2!1str!2str!4v1731294506405!5m2!1str!2str\" width=\"1920\" height=\"500\" style=\"border:0;\" allowfullscreen=\"\" loading=\"lazy\" referrerpolicy=\"no-referrer-when-downgrade\"><\/iframe>\t\t\t\t<\/div>\n\t\t\t\t<\/div>\n\t\t\t\t<\/div>\n\t\t<div class=\"elementor-element elementor-element-f8aca2c e-flex e-con-boxed e-con e-parent\" data-id=\"f8aca2c\" data-element_type=\"container\" data-e-type=\"container\">\n\t\t\t\t\t<div class=\"e-con-inner\">\n\t\t\t\t<div class=\"elementor-element elementor-element-384977f3 elementor-widget elementor-widget-elementskit-heading\" data-id=\"384977f3\" data-element_type=\"widget\" data-e-type=\"widget\" data-widget_type=\"elementskit-heading.default\">\n\t\t\t\t<div class=\"elementor-widget-container\">\n\t\t\t\t\t<div class=\"ekit-wid-con\" ><div class=\"ekit-heading elementskit-section-title-wraper text_left   ekit_heading_tablet-   ekit_heading_mobile-\"><h2 class=\"ekit-heading--title elementskit-section-title \">\u0413\u043e\u043b\u043e\u0432\u043d\u043e\u0439 \u043e\u0444\u0438\u0441<\/h2><div class=\"ekit_heading_separetor_wraper ekit_heading_elementskit-border-divider ekit-dotted\"><div class=\"elementskit-border-divider ekit-dotted\"><\/div><\/div><\/div><\/div>\t\t\t\t<\/div>\n\t\t\t\t<\/div>\n\t\t\t\t<div class=\"elementor-element elementor-element-e7da464 elementor-widget elementor-widget-text-editor\" data-id=\"e7da464\" data-element_type=\"widget\" data-e-type=\"widget\" data-widget_type=\"text-editor.default\">\n\t\t\t\t<div class=\"elementor-widget-container\">\n\t\t\t\t\t\t\t\t\t<h5><b>\u0413\u0420\u0423\u041f\u041f\u0410 \u041a\u041e\u041c\u041f\u0410\u041d\u0418\u0419 MUREL <\/b><\/h5><p><strong style=\"font-weight: 600;\">\u0422\u0435\u043b\u0435\u0444\u043e\u043d: <\/strong><a href=\"tel:+902122641775\">+90 212 264 17 75<\/a><\/p><p><strong style=\"font-weight: 600;\">\u042d\u043b-\u043f\u043e\u0447\u0442\u0430: <\/strong><a href=\"mailto:info@murel.com.tr\">info@murel.com.tr<\/a><\/p><p><strong style=\"font-weight: 600;\">\u0410\u0434\u0440\u0435\u0441: <\/strong>K\u0131s\u0131kl\u0131 mah. \u0130mam ethem sok. No:2 \u00dcsk\u00fcdar\/\u0130stanbul<\/p>\t\t\t\t\t\t\t\t<\/div>\n\t\t\t\t<\/div>\n\t\t\t\t<div class=\"elementor-element elementor-element-41be9202 elementor-widget elementor-widget-elementskit-heading\" data-id=\"41be9202\" data-element_type=\"widget\" data-e-type=\"widget\" data-widget_type=\"elementskit-heading.default\">\n\t\t\t\t<div class=\"elementor-widget-container\">\n\t\t\t\t\t<div class=\"ekit-wid-con\" ><div class=\"ekit-heading elementskit-section-title-wraper text_left   ekit_heading_tablet-   ekit_heading_mobile-\"><h2 class=\"ekit-heading--title elementskit-section-title \">Group Companies<\/h2><div class=\"ekit_heading_separetor_wraper ekit_heading_elementskit-border-divider ekit-dotted\"><div class=\"elementskit-border-divider ekit-dotted\"><\/div><\/div><\/div><\/div>\t\t\t\t<\/div>\n\t\t\t\t<\/div>\n\t\t<div class=\"elementor-element elementor-element-490d575e e-grid e-con-full e-con e-child\" data-id=\"490d575e\" data-element_type=\"container\" data-e-type=\"container\">\n\t\t\t\t<div class=\"elementor-element elementor-element-2940581e elementor-widget elementor-widget-text-editor\" data-id=\"2940581e\" data-element_type=\"widget\" data-e-type=\"widget\" data-widget_type=\"text-editor.default\">\n\t\t\t\t<div class=\"elementor-widget-container\">\n\t\t\t\t\t\t\t\t\t<h5><span style=\"font-size: 20px; color: #333333;\">MUREL YATIRIM \u0130N\u015eAAT A.\u015e.<\/span><\/h5><p><strong style=\"font-weight: 600;\">\u0422\u0435\u043b\u0435\u0444\u043e\u043d: <\/strong><a href=\"tel:+902122641775\">+90 212 264 17 75<\/a><\/p><p><strong style=\"font-weight: 600;\">\u042d\u043b-\u043f\u043e\u0447\u0442\u0430: <\/strong><a href=\"mailto:info@murel.com.tr\">info@murel.com.tr<\/a><\/p><p><strong style=\"font-weight: 600;\">\u0410\u0434\u0440\u0435\u0441: <\/strong>K\u0131s\u0131kl\u0131 Mah. \u0130mam Ethem Sok. No: 2 \u00dcsk\u00fcdar\/\u0130stanbul<\/p>\t\t\t\t\t\t\t\t<\/div>\n\t\t\t\t<\/div>\n\t\t\t\t<div class=\"elementor-element elementor-element-22d26d88 elementor-widget elementor-widget-text-editor\" data-id=\"22d26d88\" data-element_type=\"widget\" data-e-type=\"widget\" data-widget_type=\"text-editor.default\">\n\t\t\t\t<div class=\"elementor-widget-container\">\n\t\t\t\t\t\t\t\t\t<h5><span style=\"color: #333333;\">MUREL ENERJ\u0130 \u00dcRET\u0130M A.\u015e.<\/span><\/h5><p><strong style=\"font-weight: 600;\">\u0422\u0435\u043b\u0435\u0444\u043e\u043d: <\/strong><a href=\"tel:+902122641775\">+90 212 264 17 75<\/a><\/p><p><strong style=\"font-weight: 600;\">\u042d\u043b-\u043f\u043e\u0447\u0442\u0430: <\/strong><a href=\"mailto:info@murel.com.tr\">info@murel.com.tr<\/a><\/p><p><strong style=\"font-weight: 600;\">\u0410\u0434\u0440\u0435\u0441: <\/strong>K\u0131s\u0131kl\u0131 Mah. \u0130mam Ethem Sok. No: 2 \u00dcsk\u00fcdar\/\u0130stanbul<\/p>\t\t\t\t\t\t\t\t<\/div>\n\t\t\t\t<\/div>\n\t\t\t\t<div class=\"elementor-element elementor-element-1176d606 elementor-widget elementor-widget-text-editor\" data-id=\"1176d606\" data-element_type=\"widget\" data-e-type=\"widget\" data-widget_type=\"text-editor.default\">\n\t\t\t\t<div class=\"elementor-widget-container\">\n\t\t\t\t\t\t\t\t\t<h5><span style=\"color: #333333;\">MUREL END\u00dcSTR\u0130 VE DEN\u0130ZC\u0130L\u0130K A.\u015e.<\/span><\/h5><p><strong style=\"font-weight: 600;\">\u0422\u0435\u043b\u0435\u0444\u043e\u043d: <\/strong><a href=\"tel:+902122641775\">+90 212 264 17 75<\/a><\/p><p><strong style=\"font-weight: 600;\">\u042d\u043b-\u043f\u043e\u0447\u0442\u0430: <\/strong><a href=\"mailto:info@murel.com.tr\">info@murel.com.tr<\/a><\/p><p><strong style=\"font-weight: 600;\">\u0410\u0434\u0440\u0435\u0441: <\/strong>K\u0131s\u0131kl\u0131 Mah. \u0130mam Ethem Sok. No: 2 \u00dcsk\u00fcdar\/\u0130stanbul<\/p>\t\t\t\t\t\t\t\t<\/div>\n\t\t\t\t<\/div>\n\t\t\t\t<div class=\"elementor-element elementor-element-3ba51dc7 elementor-widget elementor-widget-text-editor\" data-id=\"3ba51dc7\" data-element_type=\"widget\" data-e-type=\"widget\" data-widget_type=\"text-editor.default\">\n\t\t\t\t<div class=\"elementor-widget-container\">\n\t\t\t\t\t\t\t\t\t<h5><span style=\"color: #333333;\">MUREL DEM\u0130R \u00c7EL\u0130K VE T\u0130CARET A.\u015e.<\/span><\/h5><p><strong style=\"font-weight: 600;\">\u0422\u0435\u043b\u0435\u0444\u043e\u043d: <\/strong><a href=\"tel:+902122641775\">+90 212 264 17 75<\/a><\/p><p><strong style=\"font-weight: 600;\">\u042d\u043b-\u043f\u043e\u0447\u0442\u0430: <\/strong><a href=\"mailto:info@murel.com.tr\">info@murel.com.tr<\/a><\/p><p><strong style=\"font-weight: 600;\">\u0413\u043e\u043b\u043e\u0432\u043d\u043e\u0439 \u043e\u0444\u0438\u0441: <\/strong>K\u0131s\u0131kl\u0131 mah. \u0130mam ethem sok. No:2 \u00dcsk\u00fcdar\/\u0130stanbul<\/p><p><strong style=\"font-weight: 600;\">\u0417\u0430\u0432\u043e\u0434: <\/strong>Hayrabolu OSB Mah. Serhad Sok. No:3 Hayrabolu\/Tekirda\u011f<\/p>\t\t\t\t\t\t\t\t<\/div>\n\t\t\t\t<\/div>\n\t\t\t\t<div class=\"elementor-element elementor-element-1ceb40cd elementor-widget elementor-widget-text-editor\" data-id=\"1ceb40cd\" data-element_type=\"widget\" data-e-type=\"widget\" data-widget_type=\"text-editor.default\">\n\t\t\t\t<div class=\"elementor-widget-container\">\n\t\t\t\t\t\t\t\t\t<h5><span style=\"color: #333333;\">MUREL TARIM VE TUR\u0130ZM A.\u015e.<\/span><\/h5><p><strong style=\"font-weight: 600;\">\u0422\u0435\u043b\u0435\u0444\u043e\u043d: <\/strong><a href=\"tel:+902122641775\">+90 212 264 17 75<\/a><\/p><p><strong style=\"font-weight: 600;\">\u042d\u043b-\u043f\u043e\u0447\u0442\u0430: <\/strong><a href=\"mailto:info@murel.com.tr\">info@murel.com.tr<\/a><\/p><p><strong style=\"font-weight: 600;\">\u0410\u0434\u0440\u0435\u0441: <\/strong>K\u0131s\u0131kl\u0131 Mah. \u0130mam Ethem Sok. No: 2 \u00dcsk\u00fcdar\/\u0130stanbul<\/p>\t\t\t\t\t\t\t\t<\/div>\n\t\t\t\t<\/div>\n\t\t\t\t<\/div>\n\t\t\t\t\t<\/div>\n\t\t\t\t<\/div>\n\t\t\t\t<\/div>\n\t\t","protected":false},"excerpt":{"rendered":"<p>\u0413\u043e\u043b\u043e\u0432\u043d\u043e\u0439 \u043e\u0444\u0438\u0441 \u0413\u0420\u0423\u041f\u041f\u0410 \u041a\u041e\u041c\u041f\u0410\u041d\u0418\u0419 MUREL \u0422\u0435\u043b\u0435\u0444\u043e\u043d: +90 212 264 17 75 \u042d\u043b-\u043f\u043e\u0447\u0442\u0430: info@murel.com.tr \u0410\u0434\u0440\u0435\u0441: K\u0131s\u0131kl\u0131 mah. \u0130mam ethem sok. No:2 \u00dcsk\u00fcdar\/\u0130stanbul Group Companies MUREL YATIRIM \u0130N\u015eAAT A.\u015e. \u0422\u0435\u043b\u0435\u0444\u043e\u043d: +90 212 264 17 75 \u042d\u043b-\u043f\u043e\u0447\u0442\u0430: info@murel.com.tr \u0410\u0434\u0440\u0435\u0441: K\u0131s\u0131kl\u0131 Mah. \u0130mam Ethem Sok. No: 2 \u00dcsk\u00fcdar\/\u0130stanbul MUREL ENERJ\u0130 \u00dcRET\u0130M A.\u015e. \u0422\u0435\u043b\u0435\u0444\u043e\u043d: +90 212 264 17 75 \u042d\u043b-\u043f\u043e\u0447\u0442\u0430: [&hellip;]<\/p>\n","protected":false},"author":1,"featured_media":0,"parent":0,"menu_order":0,"comment_status":"closed","ping_status":"closed","template":"","meta":{"_monsterinsights_skip_tracking":false,"_monsterinsights_sitenote_active":false,"_monsterinsights_sitenote_note":"","_monsterinsights_sitenote_category":0,"footnotes":""},"class_list":["post-1368","page","type-page","status-publish","hentry"],"_links":{"self":[{"href":"https:\/\/murel.com.tr\/ru\/wp-json\/wp\/v2\/pages\/1368","targetHints":{"allow":["GET"]}}],"collection":[{"href":"https:\/\/murel.com.tr\/ru\/wp-json\/wp\/v2\/pages"}],"about":[{"href":"https:\/\/murel.com.tr\/ru\/wp-json\/wp\/v2\/types\/page"}],"author":[{"embeddable":true,"href":"https:\/\/murel.com.tr\/ru\/wp-json\/wp\/v2\/users\/1"}],"replies":[{"embeddable":true,"href":"https:\/\/murel.com.tr\/ru\/wp-json\/wp\/v2\/comments?post=1368"}],"version-history":[{"count":5,"href":"https:\/\/murel.com.tr\/ru\/wp-json\/wp\/v2\/pages\/1368\/revisions"}],"predecessor-version":[{"id":1517,"href":"https:\/\/murel.com.tr\/ru\/wp-json\/wp\/v2\/pages\/1368\/revisions\/1517"}],"wp:attachment":[{"href":"https:\/\/murel.com.tr\/ru\/wp-json\/wp\/v2\/media?parent=1368"}],"curies":[{"name":"wp","href":"https:\/\/api.w.org\/{rel}","templated":true}]}}