{"id":1416,"date":"2025-01-06T19:24:21","date_gmt":"2025-01-06T19:24:21","guid":{"rendered":"https:\/\/murel.com.tr\/?page_id=1416"},"modified":"2025-01-26T17:55:08","modified_gmt":"2025-01-26T17:55:08","slug":"murel-tarim","status":"publish","type":"page","link":"https:\/\/murel.com.tr\/ru\/murel-tarim\/","title":{"rendered":"\u041c\u0443\u0440\u0435\u043b \u0421\u0435\u043b\u044c\u0445\u043e\u0437"},"content":{"rendered":"\t\t<div data-elementor-type=\"wp-page\" data-elementor-id=\"1416\" class=\"elementor elementor-1416 elementor-205\" data-elementor-post-type=\"page\">\n\t\t\t\t<div class=\"elementor-element elementor-element-77ace7c8 e-flex e-con-boxed e-con e-parent\" data-id=\"77ace7c8\" data-element_type=\"container\" data-e-type=\"container\" data-settings=\"{&quot;background_background&quot;:&quot;video&quot;,&quot;background_video_link&quot;:&quot;https:\\\/\\\/murel.com.tr\\\/wp-content\\\/uploads\\\/2025\\\/01\\\/sustainability-new.mp4&quot;,&quot;background_play_on_mobile&quot;:&quot;yes&quot;}\">\n\t\t\t\t\t<div class=\"e-con-inner\">\n\t\t<div class=\"elementor-background-video-container\">\n\t\t\t\t\t\t\t<video class=\"elementor-background-video-hosted\" role=\"presentation\" autoplay muted playsinline loop><\/video>\n\t\t\t\t\t<\/div>\t\t<div class=\"elementor-element elementor-element-775bf52 elementor-widget elementor-widget-elementskit-heading\" data-id=\"775bf52\" data-element_type=\"widget\" data-e-type=\"widget\" data-widget_type=\"elementskit-heading.default\">\n\t\t\t\t<div class=\"elementor-widget-container\">\n\t\t\t\t\t<div class=\"ekit-wid-con\" ><div class=\"ekit-heading elementskit-section-title-wraper text_left   ekit_heading_tablet-   ekit_heading_mobile-\"><h2 class=\"ekit-heading--title elementskit-section-title \">\u041f\u0440\u0430\u0432\u0438\u043b\u044c\u043d\u044b\u0435 \u0448\u0430\u0433\u0438<br> <span><span>\u0432 \u043e\u0440\u0433\u0430\u043d\u0438\u0447\u0435\u0441\u043a\u0443\u044e \u0436\u0438\u0437\u043d\u044c<\/span><\/span><\/h2><div class=\"ekit_heading_separetor_wraper ekit_heading_elementskit-border-divider ekit-dotted\"><div class=\"elementskit-border-divider ekit-dotted\"><\/div><\/div><\/div><\/div>\t\t\t\t<\/div>\n\t\t\t\t<\/div>\n\t\t\t\t\t<\/div>\n\t\t\t\t<\/div>\n\t\t\t\t<section class=\"elementor-section elementor-top-section elementor-element elementor-element-636b0d1b elementor-section-boxed elementor-section-height-default elementor-section-height-default\" data-id=\"636b0d1b\" data-element_type=\"section\" data-e-type=\"section\" data-settings=\"{&quot;background_background&quot;:&quot;classic&quot;}\">\n\t\t\t\t\t\t\t<div class=\"elementor-background-overlay\"><\/div>\n\t\t\t\t\t\t\t<div class=\"elementor-container elementor-column-gap-default\">\n\t\t\t\t\t<div class=\"elementor-column elementor-col-50 elementor-top-column elementor-element elementor-element-678b6a4b\" data-id=\"678b6a4b\" data-element_type=\"column\" data-e-type=\"column\">\n\t\t\t<div class=\"elementor-widget-wrap elementor-element-populated\">\n\t\t\t\t\t\t<div class=\"elementor-element elementor-element-7024d6b0 elementor-widget elementor-widget-image\" data-id=\"7024d6b0\" data-element_type=\"widget\" data-e-type=\"widget\" data-widget_type=\"image.default\">\n\t\t\t\t<div class=\"elementor-widget-container\">\n\t\t\t\t\t\t\t\t\t\t\t\t\t\t\t<img fetchpriority=\"high\" decoding=\"async\" width=\"656\" height=\"791\" src=\"https:\/\/murel.com.tr\/wp-content\/uploads\/2025\/01\/MUREL-TARIM.png\" class=\"attachment-large size-large wp-image-390\" alt=\"\" srcset=\"https:\/\/murel.com.tr\/wp-content\/uploads\/2025\/01\/MUREL-TARIM.png 656w, https:\/\/murel.com.tr\/wp-content\/uploads\/2025\/01\/MUREL-TARIM-249x300.png 249w\" sizes=\"(max-width: 656px) 100vw, 656px\" \/>\t\t\t\t\t\t\t\t\t\t\t\t\t\t\t<\/div>\n\t\t\t\t<\/div>\n\t\t\t\t\t<\/div>\n\t\t<\/div>\n\t\t\t\t<div class=\"elementor-column elementor-col-50 elementor-top-column elementor-element elementor-element-1bab874f\" data-id=\"1bab874f\" data-element_type=\"column\" data-e-type=\"column\">\n\t\t\t<div class=\"elementor-widget-wrap elementor-element-populated\">\n\t\t\t\t\t\t<div class=\"elementor-element elementor-element-5eeeba2e elementor-widget-divider--view-line_text elementor-widget-divider--element-align-right elementor-hidden-tablet elementor-hidden-mobile elementor-widget elementor-widget-divider\" data-id=\"5eeeba2e\" data-element_type=\"widget\" data-e-type=\"widget\" data-widget_type=\"divider.default\">\n\t\t\t\t<div class=\"elementor-widget-container\">\n\t\t\t\t\t\t\t<div class=\"elementor-divider\">\n\t\t\t<span class=\"elementor-divider-separator\">\n\t\t\t\t\t\t\t<span class=\"elementor-divider__text elementor-divider__element\">\n\t\t\t\t\u041a\u0442\u043e \u041c\u044b?\t\t\t\t<\/span>\n\t\t\t\t\t\t<\/span>\n\t\t<\/div>\n\t\t\t\t\t\t<\/div>\n\t\t\t\t<\/div>\n\t\t\t\t<div class=\"elementor-element elementor-element-7f84f29c elementor-invisible elementor-widget elementor-widget-heading\" data-id=\"7f84f29c\" data-element_type=\"widget\" data-e-type=\"widget\" data-settings=\"{&quot;_animation&quot;:&quot;fadeInUp&quot;}\" data-widget_type=\"heading.default\">\n\t\t\t\t<div class=\"elementor-widget-container\">\n\t\t\t\t\t<h2 class=\"elementor-heading-title elementor-size-default\">\u041c\u0443\u0440\u0435\u043b \u0421\u0435\u043b\u044c\u0445\u043e\u0437<\/h2>\t\t\t\t<\/div>\n\t\t\t\t<\/div>\n\t\t\t\t<div class=\"elementor-element elementor-element-11ad8940 elementor-widget elementor-widget-text-editor\" data-id=\"11ad8940\" data-element_type=\"widget\" data-e-type=\"widget\" data-widget_type=\"text-editor.default\">\n\t\t\t\t<div class=\"elementor-widget-container\">\n\t\t\t\t\t\t\t\t\t<p><span style=\"font-weight: 400;\">\u041a\u043e\u043c\u043f\u0430\u043d\u0438\u044f Murel, \u0432\u043e \u0432\u0441\u0435\u0445 \u0441\u0432\u043e\u0438\u0445 \u0434\u0435\u0439\u0441\u0442\u0432\u0438\u044f\u0445, \u043f\u0440\u0435\u0436\u0434\u0435 \u0432\u0441\u0435\u0433\u043e \u0432 \u0443\u043f\u0440\u0430\u0432\u043b\u0435\u043d\u0438\u0438 \u043f\u0440\u0438\u043d\u0446\u0438\u043f\u0430 \u00ab\u0447\u0435\u043b\u043e\u0432\u0435\u043a \u0438 \u0437\u0434\u043e\u0440\u043e\u0432\u044c\u0435 \u043f\u0440\u0435\u0432\u044b\u0448\u0435 \u0432\u0441\u0435\u0433\u043e\u00bb \u043e\u0431\u044a\u0435\u0434\u0438\u043d\u044f\u044f \u0432 \u0441\u0432\u043e\u0435\u0439 \u0441\u0442\u0440\u0443\u043a\u0442\u0443\u0440\u0435 \u0432\u0441\u0435\u0445 \u0441\u043e\u0442\u0440\u0443\u0434\u043d\u0438\u043a\u043e\u0432 \u0441\u0442\u0440\u0435\u043c\u0438\u0442\u0441\u044f \u0440\u0430\u0431\u043e\u0442\u0430\u0442\u044c \u0432 \u043d\u043e\u0432\u043e\u043c \u0441\u0435\u043a\u0442\u043e\u0440\u0435, \u043e\u0441\u043e\u0437\u043d\u0430\u0432\u0430\u044f, \u0447\u0442\u043e \u043f\u0438\u0449\u0430, \u043a\u043e\u0442\u043e\u0440\u0430\u044f \u044f\u0432\u043b\u044f\u0435\u0442\u0441\u044f \u0441\u0430\u043c\u044b\u043c \u0432\u0430\u0436\u043d\u044b\u043c \u043f\u0440\u043e\u0434\u0443\u043a\u0442\u043e\u043c \u043f\u0438\u0442\u0430\u043d\u0438\u044f \u0434\u043b\u044f \u0447\u0435\u043b\u043e\u0432\u0435\u043a\u0430, \u044f\u0432\u043b\u044f\u0435\u0442\u0441\u044f \u043f\u0440\u0438\u0440\u043e\u0434\u043d\u043e\u0439 \u0438 \u043f\u043e\u043b\u043d\u043e\u0441\u0442\u044c\u044e \u043e\u0440\u0433\u0430\u043d\u0438\u0447\u0435\u0441\u043a\u043e\u0439.\u00a0 \u0421 \u0441\u043e\u0437\u0434\u0430\u043d\u0438\u0435\u043c \u043a\u043e\u043c\u043f\u0430\u043d\u0438\u0438 \u041c\u0443\u0440\u0435\u043b \u0421\u0435\u043b\u044c\u0445\u043e\u0437 \u0441\u0435\u043c\u044c\u044f Murel \u043f\u0440\u0435\u0434\u043f\u0440\u0438\u043d\u0438\u043c\u0430\u0435\u0442 \u0434\u043e\u043b\u0433\u043e\u0436\u0434\u0430\u043d\u043d\u044b\u0435 \u0448\u0430\u0433\u0438 \u0441 \u0432\u043e\u043e\u0434\u0443\u0448\u0435\u0432\u043b\u0435\u043d\u0438\u0435\u043c, \u0447\u0442\u043e\u0431\u044b \u0434\u043e\u043d\u0435\u0441\u0442\u0438 \u0434\u043e \u0448\u0438\u0440\u043e\u043a\u043e\u0439 \u0430\u0443\u0434\u0438\u0442\u043e\u0440\u0438\u0438 \u043a\u0443\u043b\u044c\u0442\u0443\u0440\u044b, \u0432\u044b\u0440\u0430\u0449\u0438\u0432\u0430\u0435\u043c\u044b\u0435 \u0432 \u0442\u0435\u0447\u0435\u043d\u0438\u0435 8 \u043b\u0435\u0442 \u043a\u0430\u043a \u0441\u043f\u0435\u0446\u0438\u0430\u043b\u044c\u043d\u043e\u0435 \u043f\u0440\u043e\u0438\u0437\u0432\u043e\u0434\u0441\u0442\u0432\u043e. \u0422\u0435\u043f\u0435\u0440\u044c \u044d\u0442\u0438 \u043c\u0435\u043b\u043a\u043e\u043c\u0430\u0441\u0448\u0442\u0430\u0431\u043d\u044b\u0435 \u0438 \u0442\u0449\u0430\u0442\u0435\u043b\u044c\u043d\u043e \u043f\u0440\u043e\u0438\u0437\u0432\u0435\u0434\u0435\u043d\u043d\u044b\u0435 \u043f\u0440\u043e\u0434\u0443\u043a\u0442\u044b \u043d\u0430\u0446\u0435\u043b\u0435\u043d\u044b \u0434\u043e\u0441\u0442\u0438\u0447\u044c \u0431\u043e\u043b\u044c\u0448\u0435 \u043b\u044e\u0434\u0435\u0439, \u043f\u0435\u0440\u0435\u0439\u0434\u044f \u0432 \u043a\u043e\u043c\u043c\u0435\u0440\u0447\u0435\u0441\u043a\u0443\u044e \u043f\u043b\u043e\u0441\u043a\u043e\u0441\u0442\u044c.<\/span><\/p><p><span style=\"font-weight: 400;\">\u0426\u0435\u043b\u044c \u041c\u0443\u0440\u0435\u043b \u0421\u0435\u043b\u044c\u0445\u043e\u0437 \u0432 \u044d\u0442\u043e\u0442 \u043d\u043e\u0432\u044b\u0439 \u043f\u0435\u0440\u0438\u043e\u0434 &#8212; \u0434\u043e\u043d\u0435\u0441\u0442\u0438 \u043e\u0440\u0433\u0430\u043d\u0438\u0447\u0435\u0441\u043a\u0438\u0435 \u0438 \u0437\u0434\u043e\u0440\u043e\u0432\u044b\u0435 \u043f\u0440\u043e\u0434\u0443\u043a\u0442\u044b \u0434\u043e \u0431\u043e\u043b\u044c\u0448\u0435\u0433\u043e \u0447\u0438\u0441\u043b\u0430 \u043b\u044e\u0434\u0435\u0439, \u0441\u0442\u0430\u0442\u044c \u043e\u0434\u043d\u0438\u043c \u0438\u0437 \u043a\u0440\u0443\u043f\u043d\u0435\u0439\u0448\u0438\u0445 \u0441\u0442\u043e\u0440\u043e\u043d\u043d\u0438\u043a\u043e\u0432 \u043e\u0442\u0435\u0447\u0435\u0441\u0442\u0432\u0435\u043d\u043d\u043e\u0433\u043e \u0441\u0435\u043b\u044c\u0441\u043a\u043e\u0433\u043e \u0445\u043e\u0437\u044f\u0439\u0441\u0442\u0432\u0430, \u0430 \u0442\u0430\u043a\u0436\u0435 \u043d\u0430\u0447\u0430\u0442\u044c \u0438\u0441\u0441\u043b\u0435\u0434\u043e\u0432\u0430\u043d\u0438\u044f \u0432 \u043e\u0431\u043b\u0430\u0441\u0442\u0438 \u0436\u0438\u0432\u043e\u0442\u043d\u043e\u0432\u043e\u0434\u0441\u0442\u0432\u0430. \u041c\u043d\u043e\u0433\u043e\u043b\u0435\u0442\u043d\u0438\u0435 \u0437\u043d\u0430\u043d\u0438\u044f \u0438 \u043e\u043f\u044b\u0442 \u0441\u0435\u043c\u044c\u0438 Murel\u00a0 \u0431\u0443\u0434\u0443\u0442 \u0433\u0430\u0440\u0430\u043d\u0442\u0438\u0440\u043e\u0432\u0430\u0442\u044c \u043a\u0430\u0447\u0435\u0441\u0442\u0432\u043e \u0438 \u043d\u0430\u0434\u0435\u0436\u043d\u043e\u0441\u0442\u044c \u043f\u0440\u043e\u0434\u0443\u043a\u0446\u0438\u0438, \u0432 \u0442\u043e \u0432\u0440\u0435\u043c\u044f \u043a\u0430\u043a \u043f\u043e\u0434\u0445\u043e\u0434 \u043a \u043f\u0440\u043e\u0438\u0437\u0432\u043e\u0434\u0441\u0442\u0432\u0443, \u043a\u043e\u0442\u043e\u0440\u044b\u0439 \u0441\u0442\u0430\u0432\u0438\u0442 \u0432\u043e \u0433\u043b\u0430\u0432\u0443 \u0443\u0433\u043b\u0430 \u0437\u0434\u043e\u0440\u043e\u0432\u044c\u0435 \u0447\u0435\u043b\u043e\u0432\u0435\u043a\u0430, \u0431\u0443\u0434\u0435\u0442 \u0441\u043e\u0447\u0435\u0442\u0430\u0442\u044c\u0441\u044f \u0441 \u0441\u0438\u043b\u043e\u0439, \u0438\u0441\u0445\u043e\u0434\u044f\u0449\u0435\u0439 \u043e\u0442 \u043f\u043b\u043e\u0434\u043e\u0440\u043e\u0434\u043d\u043e\u0439 \u043f\u043e\u0447\u0432\u044b \u043d\u0430\u0448\u0435\u0439 \u0422\u0443\u0440\u0446\u0438\u0438. \u041c\u0443\u0440\u0435\u043b \u0421\u0435\u043b\u044c\u0445\u043e\u0437 \u0441\u0442\u0440\u0435\u043c\u0438\u0442\u0441\u044f \u043a \u0440\u043e\u0441\u0442\u0443 \u0438 \u0440\u0430\u0437\u0432\u0438\u0442\u0438\u044e, \u043e\u0431\u044a\u0435\u0434\u0438\u043d\u044f\u044f \u0443\u0441\u043f\u0435\u0448\u043d\u044b\u0435 \u0440\u0430\u0431\u043e\u0442\u044b \u0432 \u043e\u0431\u043b\u0430\u0441\u0442\u0438 \u0441\u0435\u043b\u044c\u0441\u043a\u043e\u0445\u043e\u0437\u044f\u0439\u0441\u0442\u0432\u0435\u043d\u043d\u043e\u0433\u043e \u043f\u0440\u043e\u0438\u0437\u0432\u043e\u0434\u0441\u0442\u0432\u0430 \u0441 \u043c\u043d\u043e\u0433\u043e\u043b\u0435\u0442\u043d\u0438\u043c \u043e\u043f\u044b\u0442\u043e\u043c \u0438 \u0444\u0438\u043b\u043e\u0441\u043e\u0444\u0438\u0435\u0439 \u043f\u0440\u043e\u0438\u0437\u0432\u043e\u0434\u0441\u0442\u0432\u0430 \u0441\u0435\u043c\u044c\u0438 Murel.<\/span><\/p>\t\t\t\t\t\t\t\t<\/div>\n\t\t\t\t<\/div>\n\t\t\t\t\t<\/div>\n\t\t<\/div>\n\t\t\t\t\t<\/div>\n\t\t<\/section>\n\t\t<div class=\"elementor-element elementor-element-4e561bca e-flex e-con-boxed e-con e-parent\" data-id=\"4e561bca\" data-element_type=\"container\" data-e-type=\"container\">\n\t\t\t\t\t<div class=\"e-con-inner\">\n\t\t\t\t<div class=\"elementor-element elementor-element-46652e84 elementor-widget elementor-widget-elementskit-heading\" data-id=\"46652e84\" data-element_type=\"widget\" data-e-type=\"widget\" data-widget_type=\"elementskit-heading.default\">\n\t\t\t\t<div class=\"elementor-widget-container\">\n\t\t\t\t\t<div class=\"ekit-wid-con\" ><div class=\"ekit-heading elementskit-section-title-wraper text_left   ekit_heading_tablet-   ekit_heading_mobile-\"><h2 class=\"ekit-heading--title elementskit-section-title \">\u0421 \u0432\u043a\u043b\u0430\u0434\u043e\u043c \u043a\u043e\u043c\u043f\u0430\u043d\u0438\u0438 <span><span>\u041c\u0443\u0440\u0435\u043b \u0421\u0435\u043b\u044c\u0445\u043e\u0437<\/span><\/span><\/h2><div class=\"ekit_heading_separetor_wraper ekit_heading_elementskit-border-divider ekit-dotted\"><div class=\"elementskit-border-divider ekit-dotted\"><\/div><\/div><\/div><\/div>\t\t\t\t<\/div>\n\t\t\t\t<\/div>\n\t\t\t\t<div class=\"elementor-element elementor-element-e32c768 elementor-pagination-position-outside elementor-widget elementor-widget-image-carousel\" data-id=\"e32c768\" data-element_type=\"widget\" data-e-type=\"widget\" data-settings=\"{&quot;slides_to_show&quot;:&quot;3&quot;,&quot;slides_to_scroll&quot;:&quot;1&quot;,&quot;navigation&quot;:&quot;dots&quot;,&quot;autoplay&quot;:&quot;yes&quot;,&quot;pause_on_hover&quot;:&quot;yes&quot;,&quot;pause_on_interaction&quot;:&quot;yes&quot;,&quot;autoplay_speed&quot;:5000,&quot;speed&quot;:500,&quot;image_spacing_custom&quot;:{&quot;unit&quot;:&quot;px&quot;,&quot;size&quot;:20,&quot;sizes&quot;:[]},&quot;image_spacing_custom_tablet&quot;:{&quot;unit&quot;:&quot;px&quot;,&quot;size&quot;:&quot;&quot;,&quot;sizes&quot;:[]},&quot;image_spacing_custom_mobile&quot;:{&quot;unit&quot;:&quot;px&quot;,&quot;size&quot;:&quot;&quot;,&quot;sizes&quot;:[]}}\" data-widget_type=\"image-carousel.default\">\n\t\t\t\t<div class=\"elementor-widget-container\">\n\t\t\t\t\t\t\t<div class=\"elementor-image-carousel-wrapper swiper\" role=\"region\" aria-roledescription=\"carousel\" aria-label=\"Resim D\u00f6ng\u00fcs\u00fc\" dir=\"ltr\">\n\t\t\t<div class=\"elementor-image-carousel swiper-wrapper\" aria-live=\"off\">\n\t\t\t\t\t\t\t\t<div class=\"swiper-slide\" role=\"group\" aria-roledescription=\"slide\" aria-label=\"1 \u0438\u0437 5\"><figure class=\"swiper-slide-inner\"><img decoding=\"async\" class=\"swiper-slide-image\" src=\"https:\/\/murel.com.tr\/wp-content\/uploads\/2025\/01\/dasda-768x960.jpeg\" alt=\"dasda.jpeg\" \/><\/figure><\/div><div class=\"swiper-slide\" role=\"group\" aria-roledescription=\"slide\" aria-label=\"2 \u0438\u0437 5\"><figure class=\"swiper-slide-inner\"><img decoding=\"async\" class=\"swiper-slide-image\" src=\"https:\/\/murel.com.tr\/wp-content\/uploads\/2025\/01\/WhatsApp-Image-2024-10-31-at-15.18.09-1-1-768x960.jpeg\" alt=\"WhatsApp-Image-2024-10-31-at-15.18.09-1-1.jpeg\" \/><\/figure><\/div><div class=\"swiper-slide\" role=\"group\" aria-roledescription=\"slide\" aria-label=\"3 \u0438\u0437 5\"><figure class=\"swiper-slide-inner\"><img decoding=\"async\" class=\"swiper-slide-image\" src=\"https:\/\/murel.com.tr\/wp-content\/uploads\/2025\/01\/WhatsApp-Image-2024-10-31-at-15.09.09-1-768x960.jpeg\" alt=\"WhatsApp-Image-2024-10-31-at-15.09.09-1.jpeg\" \/><\/figure><\/div><div class=\"swiper-slide\" role=\"group\" aria-roledescription=\"slide\" aria-label=\"4 \u0438\u0437 5\"><figure class=\"swiper-slide-inner\"><img decoding=\"async\" class=\"swiper-slide-image\" src=\"https:\/\/murel.com.tr\/wp-content\/uploads\/2025\/01\/WhatsApp-Image-2024-10-31-at-15.09.02-768x960.jpeg\" alt=\"WhatsApp-Image-2024-10-31-at-15.09.02.jpeg\" \/><\/figure><\/div><div class=\"swiper-slide\" role=\"group\" aria-roledescription=\"slide\" aria-label=\"5 \u0438\u0437 5\"><figure class=\"swiper-slide-inner\"><img decoding=\"async\" class=\"swiper-slide-image\" src=\"https:\/\/murel.com.tr\/wp-content\/uploads\/2025\/01\/WhatsApp-Image-2024-10-31-at-15.09.16-1-1-768x960.jpeg\" alt=\"WhatsApp-Image-2024-10-31-at-15.09.16-1-1.jpeg\" \/><\/figure><\/div>\t\t\t<\/div>\n\t\t\t\t\t\t\t\n\t\t\t\t\t\t\t\t\t<div class=\"swiper-pagination\"><\/div>\n\t\t\t\t\t\t\t\t\t<\/div>\n\t\t\t\t\t\t<\/div>\n\t\t\t\t<\/div>\n\t\t\t\t\t<\/div>\n\t\t\t\t<\/div>\n\t\t\t\t<\/div>\n\t\t","protected":false},"excerpt":{"rendered":"<p>\u041f\u0440\u0430\u0432\u0438\u043b\u044c\u043d\u044b\u0435 \u0448\u0430\u0433\u0438 \u0432 \u043e\u0440\u0433\u0430\u043d\u0438\u0447\u0435\u0441\u043a\u0443\u044e \u0436\u0438\u0437\u043d\u044c \u041a\u0442\u043e \u041c\u044b? \u041c\u0443\u0440\u0435\u043b \u0421\u0435\u043b\u044c\u0445\u043e\u0437 \u041a\u043e\u043c\u043f\u0430\u043d\u0438\u044f Murel, \u0432\u043e \u0432\u0441\u0435\u0445 \u0441\u0432\u043e\u0438\u0445 \u0434\u0435\u0439\u0441\u0442\u0432\u0438\u044f\u0445, \u043f\u0440\u0435\u0436\u0434\u0435 \u0432\u0441\u0435\u0433\u043e \u0432 \u0443\u043f\u0440\u0430\u0432\u043b\u0435\u043d\u0438\u0438 \u043f\u0440\u0438\u043d\u0446\u0438\u043f\u0430 \u00ab\u0447\u0435\u043b\u043e\u0432\u0435\u043a \u0438 \u0437\u0434\u043e\u0440\u043e\u0432\u044c\u0435 \u043f\u0440\u0435\u0432\u044b\u0448\u0435 \u0432\u0441\u0435\u0433\u043e\u00bb \u043e\u0431\u044a\u0435\u0434\u0438\u043d\u044f\u044f \u0432 \u0441\u0432\u043e\u0435\u0439 \u0441\u0442\u0440\u0443\u043a\u0442\u0443\u0440\u0435 \u0432\u0441\u0435\u0445 \u0441\u043e\u0442\u0440\u0443\u0434\u043d\u0438\u043a\u043e\u0432 \u0441\u0442\u0440\u0435\u043c\u0438\u0442\u0441\u044f \u0440\u0430\u0431\u043e\u0442\u0430\u0442\u044c \u0432 \u043d\u043e\u0432\u043e\u043c \u0441\u0435\u043a\u0442\u043e\u0440\u0435, \u043e\u0441\u043e\u0437\u043d\u0430\u0432\u0430\u044f, \u0447\u0442\u043e \u043f\u0438\u0449\u0430, \u043a\u043e\u0442\u043e\u0440\u0430\u044f \u044f\u0432\u043b\u044f\u0435\u0442\u0441\u044f \u0441\u0430\u043c\u044b\u043c \u0432\u0430\u0436\u043d\u044b\u043c \u043f\u0440\u043e\u0434\u0443\u043a\u0442\u043e\u043c \u043f\u0438\u0442\u0430\u043d\u0438\u044f \u0434\u043b\u044f \u0447\u0435\u043b\u043e\u0432\u0435\u043a\u0430, \u044f\u0432\u043b\u044f\u0435\u0442\u0441\u044f \u043f\u0440\u0438\u0440\u043e\u0434\u043d\u043e\u0439 \u0438 \u043f\u043e\u043b\u043d\u043e\u0441\u0442\u044c\u044e \u043e\u0440\u0433\u0430\u043d\u0438\u0447\u0435\u0441\u043a\u043e\u0439.\u00a0 \u0421 \u0441\u043e\u0437\u0434\u0430\u043d\u0438\u0435\u043c \u043a\u043e\u043c\u043f\u0430\u043d\u0438\u0438 [&hellip;]<\/p>\n","protected":false},"author":1,"featured_media":0,"parent":0,"menu_order":0,"comment_status":"closed","ping_status":"closed","template":"","meta":{"_monsterinsights_skip_tracking":false,"_monsterinsights_sitenote_active":false,"_monsterinsights_sitenote_note":"","_monsterinsights_sitenote_category":0,"footnotes":""},"class_list":["post-1416","page","type-page","status-publish","hentry"],"_links":{"self":[{"href":"https:\/\/murel.com.tr\/ru\/wp-json\/wp\/v2\/pages\/1416","targetHints":{"allow":["GET"]}}],"collection":[{"href":"https:\/\/murel.com.tr\/ru\/wp-json\/wp\/v2\/pages"}],"about":[{"href":"https:\/\/murel.com.tr\/ru\/wp-json\/wp\/v2\/types\/page"}],"author":[{"embeddable":true,"href":"https:\/\/murel.com.tr\/ru\/wp-json\/wp\/v2\/users\/1"}],"replies":[{"embeddable":true,"href":"https:\/\/murel.com.tr\/ru\/wp-json\/wp\/v2\/comments?post=1416"}],"version-history":[{"count":16,"href":"https:\/\/murel.com.tr\/ru\/wp-json\/wp\/v2\/pages\/1416\/revisions"}],"predecessor-version":[{"id":1649,"href":"https:\/\/murel.com.tr\/ru\/wp-json\/wp\/v2\/pages\/1416\/revisions\/1649"}],"wp:attachment":[{"href":"https:\/\/murel.com.tr\/ru\/wp-json\/wp\/v2\/media?parent=1416"}],"curies":[{"name":"wp","href":"https:\/\/api.w.org\/{rel}","templated":true}]}}