{"id":1441,"date":"2025-01-06T19:24:40","date_gmt":"2025-01-06T19:24:40","guid":{"rendered":"https:\/\/murel.com.tr\/?page_id=1441"},"modified":"2025-01-09T20:18:09","modified_gmt":"2025-01-09T20:18:09","slug":"standard-and-special-steel-mesh","status":"publish","type":"page","link":"https:\/\/murel.com.tr\/ru\/standard-and-special-steel-mesh\/","title":{"rendered":"\u041f\u0440\u043e\u0432\u043e\u043b\u043e\u0447\u043d\u044b\u0435 \u0441\u0435\u0442\u043a\u0438 \u0438\u0437 \u0441\u0442\u0430\u043d\u0434\u0430\u0440\u0442\u043d\u043e\u0439 \u0438 \u043b\u0435\u0433\u0438\u0440\u043e\u0432\u0430\u043d\u043d\u043e\u0439 \u0441\u0442\u0430\u043b\u0438"},"content":{"rendered":"\t\t<div data-elementor-type=\"wp-page\" data-elementor-id=\"1441\" class=\"elementor elementor-1441 elementor-242\" data-elementor-post-type=\"page\">\n\t\t\t\t<div class=\"elementor-element elementor-element-50b54d67 e-flex e-con-boxed e-con e-parent\" data-id=\"50b54d67\" data-element_type=\"container\" data-e-type=\"container\" data-settings=\"{&quot;background_background&quot;:&quot;classic&quot;}\">\n\t\t\t\t\t<div class=\"e-con-inner\">\n\t\t\t\t\t<\/div>\n\t\t\t\t<\/div>\n\t\t\t\t<section class=\"elementor-section elementor-top-section elementor-element elementor-element-b2a7c8d elementor-section-boxed elementor-section-height-default elementor-section-height-default\" data-id=\"b2a7c8d\" data-element_type=\"section\" data-e-type=\"section\" data-settings=\"{&quot;background_background&quot;:&quot;classic&quot;}\">\n\t\t\t\t\t\t\t<div class=\"elementor-background-overlay\"><\/div>\n\t\t\t\t\t\t\t<div class=\"elementor-container elementor-column-gap-default\">\n\t\t\t\t\t<div class=\"elementor-column elementor-col-50 elementor-top-column elementor-element elementor-element-47ae6e76\" data-id=\"47ae6e76\" data-element_type=\"column\" data-e-type=\"column\">\n\t\t\t<div class=\"elementor-widget-wrap elementor-element-populated\">\n\t\t\t\t\t\t<div class=\"elementor-element elementor-element-5842aa39 elementor-invisible elementor-widget elementor-widget-heading\" data-id=\"5842aa39\" data-element_type=\"widget\" data-e-type=\"widget\" data-settings=\"{&quot;_animation&quot;:&quot;fadeInUp&quot;}\" data-widget_type=\"heading.default\">\n\t\t\t\t<div class=\"elementor-widget-container\">\n\t\t\t\t\t<h2 class=\"elementor-heading-title elementor-size-default\">\u041f\u0440\u043e\u0432\u043e\u043b\u043e\u0447\u043d\u044b\u0435 \u0441\u0435\u0442\u043a\u0438 \u0438\u0437 \u0441\u0442\u0430\u043d\u0434\u0430\u0440\u0442\u043d\u043e\u0439 \u0438 \u043b\u0435\u0433\u0438\u0440\u043e\u0432\u0430\u043d\u043d\u043e\u0439 \u0441\u0442\u0430\u043b\u0438<\/h2>\t\t\t\t<\/div>\n\t\t\t\t<\/div>\n\t\t\t\t<div class=\"elementor-element elementor-element-52a27aa elementor-widget elementor-widget-text-editor\" data-id=\"52a27aa\" data-element_type=\"widget\" data-e-type=\"widget\" data-widget_type=\"text-editor.default\">\n\t\t\t\t<div class=\"elementor-widget-container\">\n\t\t\t\t\t\t\t\t\t<p><span style=\"font-weight: 400;\">\u0421\u0422\u0410\u041b\u042c\u041d\u0410\u042f \u0421\u0415\u0422\u041a\u0410; \u0421\u0442\u0430\u043b\u044c\u043d\u0430\u044f \u0441\u0435\u0442\u043a\u0430 \u044f\u0432\u043b\u044f\u0435\u0442\u0441\u044f \u0430\u0440\u043c\u0438\u0440\u0443\u044e\u0449\u0438\u043c \u043c\u0430\u0442\u0435\u0440\u0438\u0430\u043b\u043e\u043c \u0434\u043b\u044f \u043f\u0435\u0440\u0435\u043a\u0440\u044b\u0442\u0438\u0439, \u0437\u0430\u0432\u0435\u0441, \u043f\u043e\u0434\u043f\u043e\u0440\u043d\u044b\u0445 \u0441\u0442\u0435\u043d, \u0444\u0443\u043d\u0434\u0430\u043c\u0435\u043d\u0442\u043e\u0432, \u043f\u043e\u043b\u0435\u0432\u044b\u0445 \u0431\u0435\u0442\u043e\u043d\u043e\u0432, \u0442\u0443\u043d\u043d\u0435\u043b\u0435\u0439 \u0438 \u0433\u0430\u043b\u0435\u0440\u0435\u0439, \u043a\u0430\u043d\u0430\u043b\u043e\u0432 \u0438 \u0434\u0440\u0435\u043d\u0430\u0436\u0435\u0439. \u0421\u0442\u0430\u043b\u044c\u043d\u0430\u044f \u0441\u0435\u0442\u043a\u0430 \u0438\u0437\u0433\u043e\u0442\u0430\u0432\u043b\u0438\u0432\u0430\u0435\u0442\u0441\u044f \u043f\u0443\u0442\u0435\u043c \u0441\u043e\u0435\u0434\u0438\u043d\u0435\u043d\u0438\u044f \u0434\u0440\u0443\u0433 \u0441 \u0434\u0440\u0443\u0433\u043e\u043c \u0441 \u043f\u043e\u043c\u043e\u0449\u044c\u044e \u0442\u043e\u0447\u0435\u0447\u043d\u043e\u0439 \u044d\u043b\u0435\u043a\u0442\u0440\u043e\u0441\u0432\u0430\u0440\u043a\u0438 \u0440\u0435\u0431\u0440\u0438\u0441\u0442\u044b\u0445 \u043f\u0440\u0443\u0442\u043a\u043e\u0432 St IVb, \u043f\u0440\u043e\u0447\u043d\u043e\u0441\u0442\u044c \u043a\u043e\u0442\u043e\u0440\u044b\u0445 \u0443\u0432\u0435\u043b\u0438\u0447\u0435\u043d\u0430 \u0445\u043e\u043b\u043e\u0434\u043d\u043e\u0439 \u0432\u044b\u0442\u044f\u0436\u043a\u043e\u0439.<\/span><\/p>\t\t\t\t\t\t\t\t<\/div>\n\t\t\t\t<\/div>\n\t\t\t\t<div class=\"elementor-element elementor-element-ff32a44 elementor-widget elementor-widget-elementskit-tablepress\" data-id=\"ff32a44\" data-element_type=\"widget\" data-e-type=\"widget\" data-widget_type=\"elementskit-tablepress.default\">\n\t\t\t\t<div class=\"elementor-widget-container\">\n\t\t\t\t\t<div class=\"elemenetskit-tablepress ekit-wid-con\" id=\"ekit_tablepress_ff32a44\">\n<table id=\"tablepress-7\" class=\"tablepress tablepress-id-7\">\n<thead>\n<tr class=\"row-1\">\n\t<th class=\"column-1\">\u0421\u0432\u043e\u0439\u0441\u0442\u0432\u0430<\/th><th class=\"column-2\">\u041f\u043e\u043a\u0430\u0437\u0430\u0442\u0435\u043b\u0438<\/th>\n<\/tr>\n<\/thead>\n<tbody class=\"row-striping row-hover\">\n<tr class=\"row-2\">\n\t<td class=\"column-1\">\u0414\u0438\u0430\u043c\u0435\u0442\u0440 \u0441\u0442\u0435\u0440\u0436\u043d\u044f<\/td><td class=\"column-2\">\u043c\u0438\u043d  3,80 \u2013 \u043c\u0430\u043a\u0441 12,00 \u043c\u043c<\/td>\n<\/tr>\n<tr class=\"row-3\">\n\t<td class=\"column-1\">\u0428\u0438\u0440\u0438\u043d\u0430 \u0441\u0435\u0442\u043a\u0438<\/td><td class=\"column-2\">\u043c\u0438\u043d 100- \u043c\u0430\u043a\u0441 250 \u0441\u043c<\/td>\n<\/tr>\n<tr class=\"row-4\">\n\t<td class=\"column-1\">\u0414\u043b\u0438\u043d\u0430 \u0441\u0435\u0442\u043a\u0438<\/td><td class=\"column-2\">\u043c\u0438\u043d 240 \u2013 600 \u0441\u043c<\/td>\n<\/tr>\n<tr class=\"row-5\">\n\t<td class=\"column-1\">\u0420\u0430\u0441\u0441\u0442\u043e\u044f\u043d\u0438\u0435 \u0448\u0430\u0433\u0430 \u043f\u0440\u043e\u0434\u043e\u043b\u044c\u043d\u044b\u0445 \u0441\u0442\u0435\u0440\u0436\u043d\u0435\u0439<\/td><td class=\"column-2\">75\/100\/150\/200\/250 \u043c\u043c<\/td>\n<\/tr>\n<tr class=\"row-6\">\n\t<td class=\"column-1\">\u0420\u0430\u0441\u0441\u0442\u043e\u044f\u043d\u0438\u0435 \u0448\u0430\u0433\u0430 \u043f\u043e\u043f\u0435\u0440\u0435\u0447\u043d\u044b\u0445 \u0441\u0442\u0435\u0440\u0436\u043d\u0435\u0439<\/td><td class=\"column-2\">\u043c\u0438\u043d  50- \u043c\u0430\u043a\u0441 250 \u043c\u043c<\/td>\n<\/tr>\n<tr class=\"row-7\">\n\t<td class=\"column-1\">\u041f\u043e\u0432\u0435\u0440\u0445\u043d\u043e\u0441\u0442\u044c \u0441\u0442\u0435\u0440\u0436\u043d\u044f<\/td><td class=\"column-2\">\u0440\u0435\u0431\u0440\u0438\u0441\u0442\u0430\u044f\/\u043f\u043b\u043e\u0441\u043a\u0430\u044f<\/td>\n<\/tr>\n<tr class=\"row-8\">\n\t<td class=\"column-1\">\u041c\u0438\u043d\u0438\u043c\u0430\u043b\u044c\u043d\u044b\u0439 \u043f\u0440\u0435\u0434\u0435\u043b \u0442\u0435\u043a\u0443\u0447\u0435\u0441\u0442\u0438 (\u043a\u0433\u0441\/\u0441\u043c\u00b2 \u0438\u043b\u0438 \u041d\/\u043c\u043c\u00b2)<\/td><td class=\"column-2\">5000 (500)<\/td>\n<\/tr>\n<tr class=\"row-9\">\n\t<td class=\"column-1\">\u041c\u0438\u043d\u0438\u043c\u0430\u043b\u044c\u043d\u044b\u0439 \u043f\u0440\u0435\u0434\u0435\u043b \u043f\u0440\u043e\u0447\u043d\u043e\u0441\u0442\u0438 \u043d\u0430 \u0440\u0430\u0441\u0442\u044f\u0436\u0435\u043d\u0438\u0435 (\u043a\u0433\u0441\/\u0441\u043c\u00b2 \u0438\u043b\u0438 \u041d\/\u043c\u043c\u00b2)<\/td><td class=\"column-2\">5500 (550)<\/td>\n<\/tr>\n<tr class=\"row-10\">\n\t<td class=\"column-1\">\u041c\u0438\u043d\u0438\u043c\u0430\u043b\u044c\u043d\u043e\u0435 \u0443\u0434\u043b\u0438\u043d\u0435\u043d\u0438\u0435 \u043f\u0440\u0438 \u0440\u0430\u0437\u0440\u044b\u0432\u0435 (%)<\/td><td class=\"column-2\">5-8%<\/td>\n<\/tr>\n<\/tbody>\n<\/table>\n<\/div>\t\t\t\t<\/div>\n\t\t\t\t<\/div>\n\t\t\t\t<div class=\"elementor-element elementor-element-6f56b7a0 elementor-widget elementor-widget-text-editor\" data-id=\"6f56b7a0\" data-element_type=\"widget\" data-e-type=\"widget\" data-widget_type=\"text-editor.default\">\n\t\t\t\t<div class=\"elementor-widget-container\">\n\t\t\t\t\t\t\t\t\t<p><span style=\"font-weight: 400;\">\u041f\u0440\u043e\u0438\u0437\u0432\u043e\u0434\u044f\u0442\u0441\u044f \u0432 \u0441\u043e\u043e\u0442\u0432\u0435\u0442\u0441\u0442\u0432\u0438\u0438 \u0441 \u0442\u0443\u0440\u0435\u0446\u043a\u0438\u043c\u0438 \u0441\u0442\u0430\u043d\u0434\u0430\u0440\u0442\u0430\u043c\u0438 TS4559, \u0430 \u0442\u0430\u043a\u0436\u0435 \u0441\u043e \u0441\u0442\u0430\u043d\u0434\u0430\u0440\u0442\u0430\u043c\u0438 ASTM , DIN , BS , SS2 , NF , ELOT, E450 , NBR , UNIT , PN-ISO, \u043a\u043e\u0442\u043e\u0440\u044b\u0435 \u044f\u0432\u043b\u044f\u044e\u0442\u0441\u044f \u043e\u0431\u0449\u0435\u043f\u0440\u0438\u043d\u044f\u0442\u044b\u043c\u0438 \u0432 \u043c\u0438\u0440\u0435.<\/span><\/p>\t\t\t\t\t\t\t\t<\/div>\n\t\t\t\t<\/div>\n\t\t\t\t<div class=\"elementor-element elementor-element-35b760f4 elementor-align-justify elementor-widget elementor-widget-button\" data-id=\"35b760f4\" data-element_type=\"widget\" data-e-type=\"widget\" data-widget_type=\"button.default\">\n\t\t\t\t<div class=\"elementor-widget-container\">\n\t\t\t\t\t\t\t\t\t<div class=\"elementor-button-wrapper\">\n\t\t\t\t\t<a class=\"elementor-button elementor-button-link elementor-size-sm\" href=\"https:\/\/murel.com.tr\/wp-content\/uploads\/2025\/01\/MUREL-DEMIR-CELIK-HASIR-TIP.xlsx\">\n\t\t\t\t\t\t<span class=\"elementor-button-content-wrapper\">\n\t\t\t\t\t\t<span class=\"elementor-button-icon\">\n\t\t\t\t<i aria-hidden=\"true\" class=\" icon_documents\"><\/i>\t\t\t<\/span>\n\t\t\t\t\t\t\t\t\t<span class=\"elementor-button-text\">\u0422\u0430\u0431\u043b\u0438\u0446\u0430 \u0438 \u0447\u0435\u0440\u0442\u0435\u0436 \u0441\u0442\u0430\u043d\u0434\u0430\u0440\u0442\u043d\u043e\u0439 \u0441\u0442\u0430\u043b\u044c\u043d\u043e\u0439 \u043f\u0440\u043e\u0432\u043e\u043b\u043e\u0447\u043d\u043e\u0439 \u0441\u0435\u0442\u043a\u0438 \u0442\u0438\u043f\u0430 Q (.PDF)<\/span>\n\t\t\t\t\t<\/span>\n\t\t\t\t\t<\/a>\n\t\t\t\t<\/div>\n\t\t\t\t\t\t\t\t<\/div>\n\t\t\t\t<\/div>\n\t\t\t\t<div class=\"elementor-element elementor-element-23b0bbbd elementor-align-justify elementor-widget elementor-widget-button\" data-id=\"23b0bbbd\" data-element_type=\"widget\" data-e-type=\"widget\" data-widget_type=\"button.default\">\n\t\t\t\t<div class=\"elementor-widget-container\">\n\t\t\t\t\t\t\t\t\t<div class=\"elementor-button-wrapper\">\n\t\t\t\t\t<a class=\"elementor-button elementor-button-link elementor-size-sm\" href=\"https:\/\/murel.com.tr\/wp-content\/uploads\/2025\/01\/MUREL-DEMIR-CELIK-HASIR-TIP.xlsx\">\n\t\t\t\t\t\t<span class=\"elementor-button-content-wrapper\">\n\t\t\t\t\t\t<span class=\"elementor-button-icon\">\n\t\t\t\t<i aria-hidden=\"true\" class=\" icon_documents\"><\/i>\t\t\t<\/span>\n\t\t\t\t\t\t\t\t\t<span class=\"elementor-button-text\">\u0422\u0430\u0431\u043b\u0438\u0446\u0430 \u0438 \u0447\u0435\u0440\u0442\u0435\u0436 \u0441\u0442\u0430\u043d\u0434\u0430\u0440\u0442\u043d\u043e\u0439 \u0441\u0442\u0430\u043b\u044c\u043d\u043e\u0439 \u043f\u0440\u043e\u0432\u043e\u043b\u043e\u0447\u043d\u043e\u0439 \u0441\u0435\u0442\u043a\u0438 \u0442\u0438\u043f\u0430 R (.PDF)<\/span>\n\t\t\t\t\t<\/span>\n\t\t\t\t\t<\/a>\n\t\t\t\t<\/div>\n\t\t\t\t\t\t\t\t<\/div>\n\t\t\t\t<\/div>\n\t\t\t\t\t<\/div>\n\t\t<\/div>\n\t\t\t\t<div class=\"elementor-column elementor-col-50 elementor-top-column elementor-element elementor-element-2484b9d6\" data-id=\"2484b9d6\" data-element_type=\"column\" data-e-type=\"column\">\n\t\t\t<div class=\"elementor-widget-wrap elementor-element-populated\">\n\t\t\t\t\t\t<div class=\"elementor-element elementor-element-3639a3fd elementor-widget elementor-widget-image\" data-id=\"3639a3fd\" data-element_type=\"widget\" data-e-type=\"widget\" data-widget_type=\"image.default\">\n\t\t\t\t<div class=\"elementor-widget-container\">\n\t\t\t\t\t\t\t\t\t\t\t\t\t\t\t\t<a href=\"https:\/\/murel.com.tr\/wp-content\/uploads\/2025\/01\/3W3A6539-683x1024-1.jpg\" data-elementor-open-lightbox=\"yes\" data-elementor-lightbox-title=\"3W3A6539-683x1024-1.jpg\" data-e-action-hash=\"#elementor-action%3Aaction%3Dlightbox%26settings%3DeyJpZCI6MjQzLCJ1cmwiOiJodHRwczpcL1wvbXVyZWwuY29tLnRyXC93cC1jb250ZW50XC91cGxvYWRzXC8yMDI1XC8wMVwvM1czQTY1MzktNjgzeDEwMjQtMS5qcGcifQ%3D%3D\">\n\t\t\t\t\t\t\t<img fetchpriority=\"high\" decoding=\"async\" width=\"683\" height=\"512\" src=\"https:\/\/murel.com.tr\/wp-content\/uploads\/2025\/01\/3W3A6539-683x1024-1.jpg\" class=\"attachment-large size-large wp-image-243\" alt=\"\" srcset=\"https:\/\/murel.com.tr\/wp-content\/uploads\/2025\/01\/3W3A6539-683x1024-1.jpg 683w, https:\/\/murel.com.tr\/wp-content\/uploads\/2025\/01\/3W3A6539-683x1024-1-300x225.jpg 300w\" sizes=\"(max-width: 683px) 100vw, 683px\" \/>\t\t\t\t\t\t\t\t<\/a>\n\t\t\t\t\t\t\t\t\t\t\t\t\t\t\t<\/div>\n\t\t\t\t<\/div>\n\t\t\t\t<div class=\"elementor-element elementor-element-299deb68 elementor-widget elementor-widget-image-carousel\" data-id=\"299deb68\" data-element_type=\"widget\" data-e-type=\"widget\" data-settings=\"{&quot;slides_to_show&quot;:&quot;2&quot;,&quot;navigation&quot;:&quot;none&quot;,&quot;autoplay&quot;:&quot;yes&quot;,&quot;pause_on_hover&quot;:&quot;yes&quot;,&quot;pause_on_interaction&quot;:&quot;yes&quot;,&quot;autoplay_speed&quot;:5000,&quot;infinite&quot;:&quot;yes&quot;,&quot;speed&quot;:500,&quot;image_spacing_custom&quot;:{&quot;unit&quot;:&quot;px&quot;,&quot;size&quot;:20,&quot;sizes&quot;:[]},&quot;image_spacing_custom_tablet&quot;:{&quot;unit&quot;:&quot;px&quot;,&quot;size&quot;:&quot;&quot;,&quot;sizes&quot;:[]},&quot;image_spacing_custom_mobile&quot;:{&quot;unit&quot;:&quot;px&quot;,&quot;size&quot;:&quot;&quot;,&quot;sizes&quot;:[]}}\" data-widget_type=\"image-carousel.default\">\n\t\t\t\t<div class=\"elementor-widget-container\">\n\t\t\t\t\t\t\t<div class=\"elementor-image-carousel-wrapper swiper\" role=\"region\" aria-roledescription=\"carousel\" aria-label=\"Resim D\u00f6ng\u00fcs\u00fc\" dir=\"ltr\">\n\t\t\t<div class=\"elementor-image-carousel swiper-wrapper\" aria-live=\"off\">\n\t\t\t\t\t\t\t\t<div class=\"swiper-slide\" role=\"group\" aria-roledescription=\"slide\" aria-label=\"1 \u0438\u0437 3\"><a data-elementor-open-lightbox=\"yes\" data-elementor-lightbox-slideshow=\"299deb68\" data-elementor-lightbox-title=\"3W3A6555-scaled.jpg\" data-e-action-hash=\"#elementor-action%3Aaction%3Dlightbox%26settings%3DeyJpZCI6MjQ0LCJ1cmwiOiJodHRwczpcL1wvbXVyZWwuY29tLnRyXC93cC1jb250ZW50XC91cGxvYWRzXC8yMDI1XC8wMVwvM1czQTY1NTUtc2NhbGVkLTEuanBnIiwic2xpZGVzaG93IjoiMjk5ZGViNjgifQ%3D%3D\" href=\"https:\/\/murel.com.tr\/wp-content\/uploads\/2025\/01\/3W3A6555-scaled-1.jpg\"><figure class=\"swiper-slide-inner\"><img decoding=\"async\" class=\"swiper-slide-image\" src=\"https:\/\/murel.com.tr\/wp-content\/uploads\/2025\/01\/3W3A6555-scaled-1-768x576.jpg\" alt=\"3W3A6555-scaled.jpg\" \/><\/figure><\/a><\/div><div class=\"swiper-slide\" role=\"group\" aria-roledescription=\"slide\" aria-label=\"2 \u0438\u0437 3\"><a data-elementor-open-lightbox=\"yes\" data-elementor-lightbox-slideshow=\"299deb68\" data-elementor-lightbox-title=\"3W3A6648-scaled.jpg\" data-e-action-hash=\"#elementor-action%3Aaction%3Dlightbox%26settings%3DeyJpZCI6MjQ1LCJ1cmwiOiJodHRwczpcL1wvbXVyZWwuY29tLnRyXC93cC1jb250ZW50XC91cGxvYWRzXC8yMDI1XC8wMVwvM1czQTY2NDgtc2NhbGVkLTEuanBnIiwic2xpZGVzaG93IjoiMjk5ZGViNjgifQ%3D%3D\" href=\"https:\/\/murel.com.tr\/wp-content\/uploads\/2025\/01\/3W3A6648-scaled-1.jpg\"><figure class=\"swiper-slide-inner\"><img decoding=\"async\" class=\"swiper-slide-image\" src=\"https:\/\/murel.com.tr\/wp-content\/uploads\/2025\/01\/3W3A6648-scaled-1-768x576.jpg\" alt=\"3W3A6648-scaled.jpg\" \/><\/figure><\/a><\/div><div class=\"swiper-slide\" role=\"group\" aria-roledescription=\"slide\" aria-label=\"3 \u0438\u0437 3\"><a data-elementor-open-lightbox=\"yes\" data-elementor-lightbox-slideshow=\"299deb68\" data-elementor-lightbox-title=\"3W3A6624-scaled.jpg\" data-e-action-hash=\"#elementor-action%3Aaction%3Dlightbox%26settings%3DeyJpZCI6MjQ2LCJ1cmwiOiJodHRwczpcL1wvbXVyZWwuY29tLnRyXC93cC1jb250ZW50XC91cGxvYWRzXC8yMDI1XC8wMVwvM1czQTY2MjQtc2NhbGVkLTEuanBnIiwic2xpZGVzaG93IjoiMjk5ZGViNjgifQ%3D%3D\" href=\"https:\/\/murel.com.tr\/wp-content\/uploads\/2025\/01\/3W3A6624-scaled-1.jpg\"><figure class=\"swiper-slide-inner\"><img decoding=\"async\" class=\"swiper-slide-image\" src=\"https:\/\/murel.com.tr\/wp-content\/uploads\/2025\/01\/3W3A6624-scaled-1-768x576.jpg\" alt=\"3W3A6624-scaled.jpg\" \/><\/figure><\/a><\/div>\t\t\t<\/div>\n\t\t\t\t\t\t\t\n\t\t\t\t\t\t\t\t\t<\/div>\n\t\t\t\t\t\t<\/div>\n\t\t\t\t<\/div>\n\t\t\t\t\t<\/div>\n\t\t<\/div>\n\t\t\t\t\t<\/div>\n\t\t<\/section>\n\t\t\t\t<\/div>\n\t\t","protected":false},"excerpt":{"rendered":"<p>\u041f\u0440\u043e\u0432\u043e\u043b\u043e\u0447\u043d\u044b\u0435 \u0441\u0435\u0442\u043a\u0438 \u0438\u0437 \u0441\u0442\u0430\u043d\u0434\u0430\u0440\u0442\u043d\u043e\u0439 \u0438 \u043b\u0435\u0433\u0438\u0440\u043e\u0432\u0430\u043d\u043d\u043e\u0439 \u0441\u0442\u0430\u043b\u0438 \u0421\u0422\u0410\u041b\u042c\u041d\u0410\u042f \u0421\u0415\u0422\u041a\u0410; \u0421\u0442\u0430\u043b\u044c\u043d\u0430\u044f \u0441\u0435\u0442\u043a\u0430 \u044f\u0432\u043b\u044f\u0435\u0442\u0441\u044f \u0430\u0440\u043c\u0438\u0440\u0443\u044e\u0449\u0438\u043c \u043c\u0430\u0442\u0435\u0440\u0438\u0430\u043b\u043e\u043c \u0434\u043b\u044f \u043f\u0435\u0440\u0435\u043a\u0440\u044b\u0442\u0438\u0439, \u0437\u0430\u0432\u0435\u0441, \u043f\u043e\u0434\u043f\u043e\u0440\u043d\u044b\u0445 \u0441\u0442\u0435\u043d, \u0444\u0443\u043d\u0434\u0430\u043c\u0435\u043d\u0442\u043e\u0432, \u043f\u043e\u043b\u0435\u0432\u044b\u0445 \u0431\u0435\u0442\u043e\u043d\u043e\u0432, \u0442\u0443\u043d\u043d\u0435\u043b\u0435\u0439 \u0438 \u0433\u0430\u043b\u0435\u0440\u0435\u0439, \u043a\u0430\u043d\u0430\u043b\u043e\u0432 \u0438 \u0434\u0440\u0435\u043d\u0430\u0436\u0435\u0439. \u0421\u0442\u0430\u043b\u044c\u043d\u0430\u044f \u0441\u0435\u0442\u043a\u0430 \u0438\u0437\u0433\u043e\u0442\u0430\u0432\u043b\u0438\u0432\u0430\u0435\u0442\u0441\u044f \u043f\u0443\u0442\u0435\u043c \u0441\u043e\u0435\u0434\u0438\u043d\u0435\u043d\u0438\u044f \u0434\u0440\u0443\u0433 \u0441 \u0434\u0440\u0443\u0433\u043e\u043c \u0441 \u043f\u043e\u043c\u043e\u0449\u044c\u044e \u0442\u043e\u0447\u0435\u0447\u043d\u043e\u0439 \u044d\u043b\u0435\u043a\u0442\u0440\u043e\u0441\u0432\u0430\u0440\u043a\u0438 \u0440\u0435\u0431\u0440\u0438\u0441\u0442\u044b\u0445 \u043f\u0440\u0443\u0442\u043a\u043e\u0432 St IVb, \u043f\u0440\u043e\u0447\u043d\u043e\u0441\u0442\u044c \u043a\u043e\u0442\u043e\u0440\u044b\u0445 \u0443\u0432\u0435\u043b\u0438\u0447\u0435\u043d\u0430 \u0445\u043e\u043b\u043e\u0434\u043d\u043e\u0439 \u0432\u044b\u0442\u044f\u0436\u043a\u043e\u0439. D\u00fczenle \u0421\u0432\u043e\u0439\u0441\u0442\u0432\u0430 \u041f\u043e\u043a\u0430\u0437\u0430\u0442\u0435\u043b\u0438 \u0414\u0438\u0430\u043c\u0435\u0442\u0440 \u0441\u0442\u0435\u0440\u0436\u043d\u044f \u043c\u0438\u043d [&hellip;]<\/p>\n","protected":false},"author":1,"featured_media":0,"parent":0,"menu_order":0,"comment_status":"closed","ping_status":"closed","template":"","meta":{"_monsterinsights_skip_tracking":false,"_monsterinsights_sitenote_active":false,"_monsterinsights_sitenote_note":"","_monsterinsights_sitenote_category":0,"footnotes":""},"class_list":["post-1441","page","type-page","status-publish","hentry"],"_links":{"self":[{"href":"https:\/\/murel.com.tr\/ru\/wp-json\/wp\/v2\/pages\/1441","targetHints":{"allow":["GET"]}}],"collection":[{"href":"https:\/\/murel.com.tr\/ru\/wp-json\/wp\/v2\/pages"}],"about":[{"href":"https:\/\/murel.com.tr\/ru\/wp-json\/wp\/v2\/types\/page"}],"author":[{"embeddable":true,"href":"https:\/\/murel.com.tr\/ru\/wp-json\/wp\/v2\/users\/1"}],"replies":[{"embeddable":true,"href":"https:\/\/murel.com.tr\/ru\/wp-json\/wp\/v2\/comments?post=1441"}],"version-history":[{"count":13,"href":"https:\/\/murel.com.tr\/ru\/wp-json\/wp\/v2\/pages\/1441\/revisions"}],"predecessor-version":[{"id":1532,"href":"https:\/\/murel.com.tr\/ru\/wp-json\/wp\/v2\/pages\/1441\/revisions\/1532"}],"wp:attachment":[{"href":"https:\/\/murel.com.tr\/ru\/wp-json\/wp\/v2\/media?parent=1441"}],"curies":[{"name":"wp","href":"https:\/\/api.w.org\/{rel}","templated":true}]}}